{"id":944,"date":"2025-07-23T17:17:55","date_gmt":"2025-07-23T15:17:55","guid":{"rendered":"https:\/\/scon.cloud\/?page_id=944"},"modified":"2025-07-24T15:04:02","modified_gmt":"2025-07-24T13:04:02","slug":"virtualisierung","status":"publish","type":"page","link":"https:\/\/scon.cloud\/?page_id=944","title":{"rendered":"Virtualisierung"},"content":{"rendered":"\n<header class=\"wp-block-group alignfull\"><div class=\"wp-block-group__inner-container is-layout-constrained wp-block-group-is-layout-constrained\">\n<div id=\"wp-block-themeisle-blocks-advanced-columns-9f8848a6\" class=\"wp-block-themeisle-blocks-advanced-columns alignfull has-1-columns has-desktop-equal-layout has-tablet-collapsedRows-layout has-mobile-collapsedRows-layout has-reverse-columns-tablet has-reverse-columns-mobile has-vertical-center ticss-0f635aec\"><div class=\"wp-block-themeisle-blocks-advanced-columns-overlay\"><\/div><div class=\"innerblocks-wrap\">\n<div id=\"wp-block-themeisle-blocks-advanced-column-cedf80ca\" class=\"wp-block-themeisle-blocks-advanced-column\">\n<h1 id=\"wp-block-themeisle-blocks-advanced-heading-ddc7a054\" class=\"wp-block-themeisle-blocks-advanced-heading wp-block-themeisle-blocks-advanced-heading-ddc7a054\">Virtualisierung <br><br>Effizient. Skalierbar. Zukunftssicher.<\/h1>\n<\/div>\n<\/div><\/div>\n<\/div><\/header>\n\n\n\n<div class=\"wp-block-group alignfull has-white-color has-text-color has-background has-link-color has-medium-font-size wp-elements-f46d787e3e4eb09608316880714bcafc\" style=\"background-color:#302c85;padding-right:15px;padding-left:15px\"><div class=\"wp-block-group__inner-container is-layout-constrained wp-container-core-group-is-layout-3467996f wp-block-group-is-layout-constrained\">\n<p><strong>Virtualisierung: Mehr Effizienz, weniger Hardware<\/strong><\/p>\n<\/div><\/div>\n\n\n\n<p><strong>Reduzieren Sie Ihre Hardwarekosten, steigern Sie die Sicherheit und optimieren Sie Ihre IT-Infrastruktur mit modernen Virtualisierungsl\u00f6sungen.<\/strong><br>Mit Virtualisierung nutzen Sie Ihre vorhandene Hardware effizienter: Statt jeder Anwendung einen eigenen Server zuzuweisen, laufen mehrere virtuelle Maschinen parallel auf einem einzigen physischen System, mehreren Systemen oder einem Clusterverbund. So senken Sie Kosten, erh\u00f6hen die Ausfallsicherheit und schaffen eine flexible, zukunftssichere IT-Umgebung.<br><\/p>\n\n\n\n<p><strong>Die passende L\u00f6sung f\u00fcr Ihr Unternehmen<\/strong><br>Wir unterst\u00fctzen Sie bei der Auswahl und Implementierung der optimalen Virtualisierungsplattform \u2013 ma\u00dfgeschneidert auf Ihre Anforderungen:<\/p>\n\n\n\n<p><strong>Proxmox Virtual Environment<\/strong><br>Die Open-Source-L\u00f6sung f\u00fcr maximale Kontrolle. Proxmox vereint KVM-Virtualisierung und LXC-Containertechnologie in einer intuitiven Weboberfl\u00e4che. Ideal f\u00fcr Unternehmen, die eine flexible, leistungsf\u00e4hige und kostenbewusste L\u00f6sung suchen.<\/p>\n\n\n\n<p><strong>Microsoft Hyper-V<\/strong><br>Als Bestandteil von Windows Server bietet Hyper-V eine nahtlose Integration in Microsoft-Umgebungen. Besonders geeignet f\u00fcr Unternehmen mit bestehender Microsoft-Infrastruktur und hohen Anforderungen an Kompatibilit\u00e4t und Sicherheit.<\/p>\n\n\n\n<p><strong>VMware vSphere Hypervisor<\/strong><br>Die professionelle Enterprise-L\u00f6sung mit bew\u00e4hrter Stabilit\u00e4t, exzellenter Performance und umfangreichen Management-Tools. VMware ist die erste Wahl f\u00fcr gro\u00dfe, anspruchsvolle Virtualisierungsprojekte.<br><br><strong>Ihre Vorteile:<\/strong><\/p>\n\n\n\n<ul class=\"wp-block-list\">\n<li><strong>Reduzierte Hardwarekosten<\/strong> durch bessere Ressourcenauslastung<\/li>\n\n\n\n<li><strong>H\u00f6here Ausfallsicherheit<\/strong> durch Snapshots und einfache Wiederherstellung<\/li>\n\n\n\n<li><strong>Flexible Skalierung<\/strong> f\u00fcr wachsende Anforderungen<\/li>\n\n\n\n<li><strong>Zentrale Verwaltung<\/strong> aller Systeme \u00fcber eine einzige Plattform<\/li>\n<\/ul>\n\n\n\n<div class=\"wp-block-group alignfull has-white-color has-text-color has-background has-link-color has-medium-font-size wp-elements-0c767401f299933f2fca343db927373e\" style=\"background-color:#302c85;padding-right:15px;padding-left:15px\"><div class=\"wp-block-group__inner-container is-layout-constrained wp-container-core-group-is-layout-3467996f wp-block-group-is-layout-constrained\">\n<p><strong><strong>Unsere Leistungen<\/strong><\/strong><\/p>\n<\/div><\/div>\n\n\n\n<ul class=\"wp-block-list\">\n<li><strong>Beratung &amp; Konzeption<\/strong> Ihrer Virtualisierungsstrategie. Wir begleiten Sie \u00fcber den gesamten Lebenszyklus Ihrer Virtualisierungsprojekte \u2013 kompetent, transparent und zukunftsorientiert.<\/li>\n\n\n\n<li><strong>Implementierung<\/strong> der gew\u00e4hlten Plattform in Ihre bestehende IT-Landschaftdarunter SD-WAN, Cloud-basierte Netzwerke und Software-Defined Networking (SDN).<\/li>\n\n\n\n<li><strong>Migration<\/strong> von physischen Systemen oder bestehenden VMs<\/li>\n\n\n\n<li><strong>Monitoring &amp; Wartung<\/strong> f\u00fcr maximale Stabilit\u00e4t und Verf\u00fcgbarkeit<\/li>\n\n\n\n<li><strong>Sicherheitskonzepte &amp; Backup-L\u00f6sungen<\/strong> f\u00fcr Ihre virtuellen Umgebungen<\/li>\n\n\n\n<li><strong>Support &amp; Schulungen<\/strong> f\u00fcr Ihre IT-Abteilung<\/li>\n<\/ul>\n\n\n\n<div class=\"wp-block-group alignfull has-white-color has-text-color has-background has-link-color has-medium-font-size wp-elements-095852c3bf4408cde39053083405a61d\" style=\"background-color:#302c85;padding-right:15px;padding-left:15px\"><div class=\"wp-block-group__inner-container is-layout-constrained wp-container-core-group-is-layout-3467996f wp-block-group-is-layout-constrained\">\n<p><strong>Warum wir?<\/strong><\/p>\n<\/div><\/div>\n\n\n\n<div id=\"wp-block-themeisle-blocks-icon-list-f0f08a41\" class=\"wp-block-themeisle-blocks-icon-list\">\n<div id=\"wp-block-themeisle-blocks-icon-list-item-f78d3059\" class=\"wp-block-themeisle-blocks-icon-list-item\"><i class=\"fas fa-check wp-block-themeisle-blocks-icon-list-item-icon\"><\/i><p class=\"wp-block-themeisle-blocks-icon-list-item-content\"><strong>Technisches Know-how trifft Praxisn\u00e4he<\/strong><br>Unsere Experten verf\u00fcgen \u00fcber fundierte Erfahrung mit allen g\u00e4ngigen Virtualisierungsplattformen \u2013 von komplexen Rechenzentren bis zu schlanken Mittelstandsl\u00f6sungen.<\/p><\/div>\n\n\n\n<div id=\"wp-block-themeisle-blocks-icon-list-item-a66027d6\" class=\"wp-block-themeisle-blocks-icon-list-item\"><i class=\"fas fa-check wp-block-themeisle-blocks-icon-list-item-icon\"><\/i><p class=\"wp-block-themeisle-blocks-icon-list-item-content\"><strong>Unabh\u00e4ngig &amp; l\u00f6sungsorientiert<\/strong><br>Wir beraten Sie herstellerneutral und entwickeln genau die L\u00f6sung, die zu Ihrem Unternehmen passt \u2013 nicht die, die am meisten kostet.<\/p><\/div>\n\n\n\n<div id=\"wp-block-themeisle-blocks-icon-list-item-371854f2\" class=\"wp-block-themeisle-blocks-icon-list-item\"><i class=\"fas fa-check wp-block-themeisle-blocks-icon-list-item-icon\"><\/i><p class=\"wp-block-themeisle-blocks-icon-list-item-content\"><strong>Langfristige Partnerschaft<\/strong><br>Wir verstehen uns nicht als einmaliger Dienstleister, sondern als strategischer Partner, der Ihre IT langfristig begleitet und weiterentwickelt.<\/p><\/div>\n<\/div>\n\n\n\n<hr class=\"wp-block-separator has-alpha-channel-opacity\"\/>\n","protected":false},"excerpt":{"rendered":"<p>Virtualisierung: Mehr Effizienz, weniger Hardware Reduzieren Sie Ihre Hardwarekosten, steigern Sie die Sicherheit und optimieren Sie Ihre IT-Infrastruktur mit modernen Virtualisierungsl\u00f6sungen.Mit Virtualisierung nutzen Sie Ihre vorhandene Hardware effizienter: Statt jeder Anwendung einen eigenen Server zuzuweisen, laufen mehrere virtuelle Maschinen parallel auf einem einzigen physischen System, mehreren Systemen oder einem Clusterverbund. [&hellip;]<\/p>\n","protected":false},"author":1,"featured_media":0,"parent":0,"menu_order":0,"comment_status":"closed","ping_status":"closed","template":"","meta":{"inline_featured_image":false,"_themeisle_gutenberg_block_has_review":false,"footnotes":""},"class_list":["post-944","page","type-page","status-publish","hentry"],"_links":{"self":[{"href":"https:\/\/scon.cloud\/index.php?rest_route=\/wp\/v2\/pages\/944","targetHints":{"allow":["GET"]}}],"collection":[{"href":"https:\/\/scon.cloud\/index.php?rest_route=\/wp\/v2\/pages"}],"about":[{"href":"https:\/\/scon.cloud\/index.php?rest_route=\/wp\/v2\/types\/page"}],"author":[{"embeddable":true,"href":"https:\/\/scon.cloud\/index.php?rest_route=\/wp\/v2\/users\/1"}],"replies":[{"embeddable":true,"href":"https:\/\/scon.cloud\/index.php?rest_route=%2Fwp%2Fv2%2Fcomments&post=944"}],"version-history":[{"count":17,"href":"https:\/\/scon.cloud\/index.php?rest_route=\/wp\/v2\/pages\/944\/revisions"}],"predecessor-version":[{"id":981,"href":"https:\/\/scon.cloud\/index.php?rest_route=\/wp\/v2\/pages\/944\/revisions\/981"}],"wp:attachment":[{"href":"https:\/\/scon.cloud\/index.php?rest_route=%2Fwp%2Fv2%2Fmedia&parent=944"}],"curies":[{"name":"wp","href":"https:\/\/api.w.org\/{rel}","templated":true}]}}