{"id":684,"date":"2025-02-27T12:15:39","date_gmt":"2025-02-27T11:15:39","guid":{"rendered":"https:\/\/scon.cloud\/?page_id=684"},"modified":"2025-03-18T13:12:35","modified_gmt":"2025-03-18T12:12:35","slug":"e-mail","status":"publish","type":"page","link":"https:\/\/scon.cloud\/?page_id=684","title":{"rendered":"E-Mail"},"content":{"rendered":"\n<header class=\"wp-block-group alignfull\"><div class=\"wp-block-group__inner-container is-layout-constrained wp-block-group-is-layout-constrained\">\n<div id=\"wp-block-themeisle-blocks-advanced-columns-9f8848a6\" class=\"wp-block-themeisle-blocks-advanced-columns alignfull has-1-columns has-desktop-equal-layout has-tablet-collapsedRows-layout has-mobile-collapsedRows-layout has-reverse-columns-tablet has-reverse-columns-mobile has-vertical-center ticss-0f635aec\"><div class=\"wp-block-themeisle-blocks-advanced-columns-overlay\"><\/div><div class=\"innerblocks-wrap\">\n<div id=\"wp-block-themeisle-blocks-advanced-column-cedf80ca\" class=\"wp-block-themeisle-blocks-advanced-column\">\n<h1 id=\"wp-block-themeisle-blocks-advanced-heading-ddc7a054\" class=\"wp-block-themeisle-blocks-advanced-heading wp-block-themeisle-blocks-advanced-heading-ddc7a054\"><strong><strong><strong><strong>Professionelle Kommunikation mit eigener Domain<\/strong><\/strong><\/strong><\/strong><\/h1>\n<\/div>\n<\/div><\/div>\n<\/div><\/header>\n\n\n\n<div class=\"wp-block-group alignfull has-white-color has-text-color has-background has-link-color has-medium-font-size wp-elements-762d3a6eafa89ec76fa8c4cc2b1f43c1\" style=\"background-color:#302c85;padding-right:15px;padding-left:15px\"><div class=\"wp-block-group__inner-container is-layout-constrained wp-container-core-group-is-layout-3467996f wp-block-group-is-layout-constrained\">\n<p><strong><strong><strong><strong><strong><strong><strong>E-Mail-Dienst<\/strong><\/strong><\/strong><\/strong><\/strong><\/strong><\/strong><\/p>\n<\/div><\/div>\n\n\n\n<p>Ein professioneller E-Mail-Dienst ist f\u00fcr Unternehmen unerl\u00e4sslich. Wir bieten Ihnen sichere und leistungsf\u00e4hige E-Mail-L\u00f6sungen mit:<\/p>\n\n\n\n<ul class=\"wp-block-list\">\n<li><strong>Individuellen E-Mail-Adressen:<\/strong> Ihre Wunschdomain f\u00fcr einen seri\u00f6sen Auftritt.<\/li>\n\n\n\n<li><strong>Spam- und Virenschutz:<\/strong> Schutz vor unerw\u00fcnschten Nachrichten und Cyberangriffen.<\/li>\n\n\n\n<li><strong>Hohe Verf\u00fcgbarkeit:<\/strong> Zuverl\u00e4ssige Server f\u00fcr unterbrechungsfreie Kommunikation.<\/li>\n\n\n\n<li><strong>Integration mit bestehenden Systemen:<\/strong> Kompatibilit\u00e4t mit Outlook, Thunderbird und mobilen Ger\u00e4ten.<\/li>\n<\/ul>\n\n\n\n<p>Nutzen Sie unsere E-Mail-L\u00f6sungen f\u00fcr eine sichere und effiziente Unternehmenskommunikation.<\/p>\n\n\n\n<div class=\"wp-block-group alignfull has-white-color has-text-color has-background has-link-color has-medium-font-size wp-elements-758572e4f5664142baa326e27143621f\" style=\"background-color:#302c85;padding-right:15px;padding-left:15px\"><div class=\"wp-block-group__inner-container is-layout-constrained wp-container-core-group-is-layout-3467996f wp-block-group-is-layout-constrained\">\n<p><strong><strong><strong><strong><strong><strong>Hosted Mailserver und On-Premise-Mailserver<\/strong><\/strong><\/strong><\/strong><\/strong><\/strong><\/p>\n<\/div><\/div>\n\n\n\n<p>Wir bieten Ihnen flexible L\u00f6sungen f\u00fcr Ihre Unternehmens-E-Mail-Infrastruktur \u2013 je nach Ihren individuellen Anforderungen und IT-Ressourcen:<\/p>\n\n\n\n<ul class=\"wp-block-list\">\n<li><strong>Hosted Mailserver<\/strong>: Nutzen Sie unsere wartungsfreie E-Mail-L\u00f6sung in einem hochsicheren Rechenzentrum mit hoher Verf\u00fcgbarkeit, regelm\u00e4\u00dfigen Updates und optimalem Schutz \u2013 damit Sie sich auf Ihr Kerngesch\u00e4ft konzentrieren k\u00f6nnen.<\/li>\n\n\n\n<li><strong>On-Premise-Mailserver<\/strong>: Behalten Sie volle Kontrolle \u00fcber Ihre E-Mail-Kommunikation mit einer individuell angepassten On-Premise-L\u00f6sung. Ihr Mailserver l\u00e4uft in Ihrer IT-Infrastruktur und bietet h\u00f6chste Datenhoheit. Unser Expertenteam unterst\u00fctzt Sie bei Einrichtung, Konfiguration und Wartung f\u00fcr eine sichere und zuverl\u00e4ssige Kommunikation.<\/li>\n<\/ul>\n\n\n\n<div class=\"wp-block-group alignfull has-white-color has-text-color has-background has-link-color has-medium-font-size wp-elements-095852c3bf4408cde39053083405a61d\" style=\"background-color:#302c85;padding-right:15px;padding-left:15px\"><div class=\"wp-block-group__inner-container is-layout-constrained wp-container-core-group-is-layout-3467996f wp-block-group-is-layout-constrained\">\n<p><strong>Warum wir?<\/strong><\/p>\n<\/div><\/div>\n\n\n\n<ul class=\"wp-block-list\">\n<li>Sicherer E-Mail-Verkehr mit modernsten Verschl\u00fcsselungstechniken.<\/li>\n\n\n\n<li>Individuelle L\u00f6sungen f\u00fcr kleine Unternehmen bis hin zu Gro\u00dfunternehmen. <\/li>\n\n\n\n<li>Einfache Verwaltung und zuverl\u00e4ssiger technischer Support, egal ob mit einem Hosted Mailserver in unserem sicheren Rechenzentrum oder einem On-Premise-Mailserver direkt bei Ihnen vor Ort \u2013 wir bieten flexible L\u00f6sungen f\u00fcr jede Unternehmensgr\u00f6\u00dfe.<\/li>\n<\/ul>\n","protected":false},"excerpt":{"rendered":"<p>E-Mail-Dienst Ein professioneller E-Mail-Dienst ist f\u00fcr Unternehmen unerl\u00e4sslich. Wir bieten Ihnen sichere und leistungsf\u00e4hige E-Mail-L\u00f6sungen mit: Nutzen Sie unsere E-Mail-L\u00f6sungen f\u00fcr eine sichere und effiziente Unternehmenskommunikation. Hosted Mailserver und On-Premise-Mailserver Wir bieten Ihnen flexible L\u00f6sungen f\u00fcr Ihre Unternehmens-E-Mail-Infrastruktur \u2013 je nach Ihren individuellen Anforderungen und IT-Ressourcen:<\/p>\n","protected":false},"author":1,"featured_media":0,"parent":0,"menu_order":0,"comment_status":"closed","ping_status":"closed","template":"","meta":{"inline_featured_image":false,"_themeisle_gutenberg_block_has_review":false,"footnotes":""},"class_list":["post-684","page","type-page","status-publish","hentry"],"_links":{"self":[{"href":"https:\/\/scon.cloud\/index.php?rest_route=\/wp\/v2\/pages\/684","targetHints":{"allow":["GET"]}}],"collection":[{"href":"https:\/\/scon.cloud\/index.php?rest_route=\/wp\/v2\/pages"}],"about":[{"href":"https:\/\/scon.cloud\/index.php?rest_route=\/wp\/v2\/types\/page"}],"author":[{"embeddable":true,"href":"https:\/\/scon.cloud\/index.php?rest_route=\/wp\/v2\/users\/1"}],"replies":[{"embeddable":true,"href":"https:\/\/scon.cloud\/index.php?rest_route=%2Fwp%2Fv2%2Fcomments&post=684"}],"version-history":[{"count":6,"href":"https:\/\/scon.cloud\/index.php?rest_route=\/wp\/v2\/pages\/684\/revisions"}],"predecessor-version":[{"id":859,"href":"https:\/\/scon.cloud\/index.php?rest_route=\/wp\/v2\/pages\/684\/revisions\/859"}],"wp:attachment":[{"href":"https:\/\/scon.cloud\/index.php?rest_route=%2Fwp%2Fv2%2Fmedia&parent=684"}],"curies":[{"name":"wp","href":"https:\/\/api.w.org\/{rel}","templated":true}]}}