{"id":399,"date":"2025-02-05T14:38:21","date_gmt":"2025-02-05T13:38:21","guid":{"rendered":"http:\/\/scon.cloud\/?page_id=399"},"modified":"2025-07-24T16:57:42","modified_gmt":"2025-07-24T14:57:42","slug":"datenschutz-2","status":"publish","type":"page","link":"https:\/\/scon.cloud\/?page_id=399","title":{"rendered":"Datenschutz"},"content":{"rendered":"\n<header class=\"wp-block-group alignfull\"><div class=\"wp-block-group__inner-container is-layout-constrained wp-block-group-is-layout-constrained\">\n<div id=\"wp-block-themeisle-blocks-advanced-columns-9f8848a6\" class=\"wp-block-themeisle-blocks-advanced-columns alignfull has-1-columns has-desktop-equal-layout has-tablet-collapsedRows-layout has-mobile-collapsedRows-layout has-reverse-columns-tablet has-reverse-columns-mobile has-vertical-center ticss-0f635aec\"><div class=\"wp-block-themeisle-blocks-advanced-columns-overlay\"><\/div><div class=\"innerblocks-wrap\">\n<div id=\"wp-block-themeisle-blocks-advanced-column-cedf80ca\" class=\"wp-block-themeisle-blocks-advanced-column\">\n<h1 id=\"wp-block-themeisle-blocks-advanced-heading-ddc7a054\" class=\"wp-block-themeisle-blocks-advanced-heading wp-block-themeisle-blocks-advanced-heading-ddc7a054\"><strong>Datenschutz ist Vertrauenssache<\/strong>.<br><strong>Wir sch\u00fctzen, was Ihnen wichtig ist.<\/strong><\/h1>\n<\/div>\n<\/div><\/div>\n<\/div><\/header>\n\n\n\n<div class=\"wp-block-group alignfull has-white-color has-text-color has-background has-link-color has-medium-font-size wp-elements-916c34aad30800fdc40d35bda72ac7ed\" style=\"background-color:#302c85;padding-right:15px;padding-left:15px\"><div class=\"wp-block-group__inner-container is-layout-constrained wp-container-core-group-is-layout-3467996f wp-block-group-is-layout-constrained\">\n<p><strong>Datenschutz <\/strong><\/p>\n<\/div><\/div>\n\n\n\n<p><strong>Sensible Daten verdienen maximale Sicherheit.<\/strong> Wir unterst\u00fctzen Sie dabei, Datenschutz nicht nur gesetzeskonform, sondern auch effizient und zukunftssicher umzusetzen. Ob kleines Unternehmen, mittelst\u00e4ndischer Betrieb oder Konzern \u2013 wir entwickeln individuelle Datenschutzl\u00f6sungen, die zu Ihrer Organisation passen.<br><br><strong>Seit \u00fcber 20 Jahren<\/strong> begleiten wir Unternehmen aus den unterschiedlichsten Branchen: vom Handwerk, Einzelhandel und Gesundheitswesen bis hin zu Industrieunternehmen und multinationalen Konzernen. Unsere langj\u00e4hrige Erfahrung hilft uns, branchenspezifische Herausforderungen schnell zu erkennen und passgenaue L\u00f6sungen zu entwickeln.<br><br><strong>Datenschutz muss nicht kompliziert sein \u2013 mit uns wird er verst\u00e4ndlich, wirksam und praxisnah.<\/strong><br>nsere zertifizierten Datenschutzexperten bringen fundiertes Fachwissen, langj\u00e4hrige Erfahrung und ein tiefes Verst\u00e4ndnis f\u00fcr unternehmerische Prozesse mit. Wir sorgen nicht nur f\u00fcr die Einhaltung der DSGVO, des BDSG und anderer regulatorischer Vorgaben \u2013 wir helfen Ihnen auch, Datenschutz als strategischen Vorteil zu nutzen.<br>Unsere Mission: Datenschutz smart, intuitiv und zukunftssicher gestalten<\/p>\n\n\n\n<p><strong>Unsere Leistungen im \u00dcberblick<\/strong><\/p>\n\n\n\n<p><strong>Datenschutzberatung:<\/strong> Wir analysieren Ihre bestehenden Ma\u00dfnahmen, identifizieren Schwachstellen und entwickeln ma\u00dfgeschneiderte Strategien zur DSGVO-Compliance. Von der Erstaufnahme bis zur vollst\u00e4ndigen Umsetzung begleiten wir Sie strukturiert und verst\u00e4ndlich \u2013 immer mit Blick auf Effizienz und Praxistauglichkeit.<\/p>\n\n\n\n<p><strong>Externer Datenschutzbeauftragter:<\/strong> Sie ben\u00f6tigen Datenschutzkompetenz, ohne eigene Ressourcen zu binden? Wir \u00fcbernehmen die Funktion des externen Datenschutzbeauftragten \u2013 flexibel, kosteneffizient und immer auf dem aktuellen Stand der Gesetzgebung.<\/p>\n\n\n\n<p><strong>Mitarbeiterschulungen:<\/strong> Der gr\u00f6\u00dfte Risikofaktor im Datenschutz ist der Mensch. Unsere interaktiven Schulungen sensibilisieren Ihre Mitarbeitenden f\u00fcr datenschutzkonformes Verhalten im Arbeitsalltag \u2013 praxisnah, aktuell und verst\u00e4ndlich.<\/p>\n\n\n\n<p><strong>Datenschutz-Audits:<\/strong> Unsere umfassenden Audits pr\u00fcfen Ihre Datenschutzrichtlinien, technischen Ma\u00dfnahmen und organisatorischen Prozesse. Wo gibt es L\u00fccken? Welche Risiken bestehen? Sie erhalten eine klare Analyse samt konkreten Handlungsempfehlungen \u2013 f\u00fcr mehr Sicherheit und weniger Haftungsrisiken.<\/p>\n\n\n\n<p><strong>Laufende Betreuung &amp; Updates<\/strong>: Datenschutz ist kein Projekt, sondern ein Prozess. Wir unterst\u00fctzen Sie kontinuierlich bei \u00c4nderungen in der Rechtslage, neuen Anforderungen und organisatorischem Wandel \u2013 damit Sie langfristig auf der sicheren Seite sind.<\/p>\n\n\n\n<p><strong>Laufende Betreuung &amp; Updates<\/strong>: Datenschutz ist kein Projekt, sondern ein Prozess. Wir unterst\u00fctzen Sie kontinuierlich bei \u00c4nderungen in der Rechtslage, neuen Anforderungen und organisatorischem Wandel \u2013 damit Sie langfristig auf der sicheren Seite sind.<\/p>\n\n\n\n<div class=\"wp-block-group alignfull has-white-color has-text-color has-background has-link-color has-medium-font-size wp-elements-095852c3bf4408cde39053083405a61d\" style=\"background-color:#302c85;padding-right:15px;padding-left:15px\"><div class=\"wp-block-group__inner-container is-layout-constrained wp-container-core-group-is-layout-3467996f wp-block-group-is-layout-constrained\">\n<p><strong>Warum wir?<\/strong><\/p>\n<\/div><\/div>\n\n\n\n<ul class=\"wp-block-list\">\n<li><strong>Rechtssicherheit<\/strong> durch fundierte Expertise<\/li>\n\n\n\n<li><strong>Risikominimierung<\/strong> durch strukturierte Prozesse<\/li>\n\n\n\n<li><strong>Effizienzsteigerung<\/strong> durch praxisnahe Umsetzung<\/li>\n\n\n\n<li><strong>Imagegewinn<\/strong> durch gelebten Datenschutz<\/li>\n\n\n\n<li><strong>Mitarbeiter- und Kundenschutz<\/strong> durch Sensibilisierung und Transparenz<\/li>\n<\/ul>\n\n\n\n<p><br><strong>Datenschutz mit System \u2013 wir beraten Sie gerne.<\/strong><br>Sprechen Sie uns an \u2013 gemeinsam gestalten wir Ihre Datenschutzstrategie: individuell, rechtssicher und zukunftsf\u00e4hig.<\/p>\n","protected":false},"excerpt":{"rendered":"<p>Datenschutz Sensible Daten verdienen maximale Sicherheit. Wir unterst\u00fctzen Sie dabei, Datenschutz nicht nur gesetzeskonform, sondern auch effizient und zukunftssicher umzusetzen. Ob kleines Unternehmen, mittelst\u00e4ndischer Betrieb oder Konzern \u2013 wir entwickeln individuelle Datenschutzl\u00f6sungen, die zu Ihrer Organisation passen. Seit \u00fcber 20 Jahren begleiten wir Unternehmen aus den unterschiedlichsten Branchen: vom Handwerk, [&hellip;]<\/p>\n","protected":false},"author":1,"featured_media":0,"parent":0,"menu_order":0,"comment_status":"closed","ping_status":"closed","template":"","meta":{"inline_featured_image":false,"_themeisle_gutenberg_block_has_review":false,"footnotes":""},"class_list":["post-399","page","type-page","status-publish","hentry"],"_links":{"self":[{"href":"https:\/\/scon.cloud\/index.php?rest_route=\/wp\/v2\/pages\/399","targetHints":{"allow":["GET"]}}],"collection":[{"href":"https:\/\/scon.cloud\/index.php?rest_route=\/wp\/v2\/pages"}],"about":[{"href":"https:\/\/scon.cloud\/index.php?rest_route=\/wp\/v2\/types\/page"}],"author":[{"embeddable":true,"href":"https:\/\/scon.cloud\/index.php?rest_route=\/wp\/v2\/users\/1"}],"replies":[{"embeddable":true,"href":"https:\/\/scon.cloud\/index.php?rest_route=%2Fwp%2Fv2%2Fcomments&post=399"}],"version-history":[{"count":14,"href":"https:\/\/scon.cloud\/index.php?rest_route=\/wp\/v2\/pages\/399\/revisions"}],"predecessor-version":[{"id":979,"href":"https:\/\/scon.cloud\/index.php?rest_route=\/wp\/v2\/pages\/399\/revisions\/979"}],"wp:attachment":[{"href":"https:\/\/scon.cloud\/index.php?rest_route=%2Fwp%2Fv2%2Fmedia&parent=399"}],"curies":[{"name":"wp","href":"https:\/\/api.w.org\/{rel}","templated":true}]}}