{"id":398,"date":"2025-02-05T14:38:21","date_gmt":"2025-02-05T13:38:21","guid":{"rendered":"http:\/\/scon.cloud\/?page_id=398"},"modified":"2025-03-18T13:13:08","modified_gmt":"2025-03-18T12:13:08","slug":"domainverwaltung","status":"publish","type":"page","link":"https:\/\/scon.cloud\/?page_id=398","title":{"rendered":"Domainverwaltung"},"content":{"rendered":"\n<header class=\"wp-block-group alignfull\"><div class=\"wp-block-group__inner-container is-layout-constrained wp-block-group-is-layout-constrained\">\n<div id=\"wp-block-themeisle-blocks-advanced-columns-9f8848a6\" class=\"wp-block-themeisle-blocks-advanced-columns alignfull has-1-columns has-desktop-equal-layout has-tablet-collapsedRows-layout has-mobile-collapsedRows-layout has-reverse-columns-tablet has-reverse-columns-mobile has-vertical-center ticss-0f635aec\"><div class=\"wp-block-themeisle-blocks-advanced-columns-overlay\"><\/div><div class=\"innerblocks-wrap\">\n<div id=\"wp-block-themeisle-blocks-advanced-column-cedf80ca\" class=\"wp-block-themeisle-blocks-advanced-column\">\n<h1 id=\"wp-block-themeisle-blocks-advanced-heading-ddc7a054\" class=\"wp-block-themeisle-blocks-advanced-heading wp-block-themeisle-blocks-advanced-heading-ddc7a054\"><strong><strong><strong><strong>Ihre Wunschdomain einfach und sicher registrieren<\/strong><\/strong><\/strong><\/strong><\/h1>\n<\/div>\n<\/div><\/div>\n<\/div><\/header>\n\n\n\n<div class=\"wp-block-group alignfull has-white-color has-text-color has-background has-link-color has-medium-font-size wp-elements-dd94495dc0fbc4f0a2c5ff23813a78e2\" style=\"background-color:#302c85;padding-right:15px;padding-left:15px\"><div class=\"wp-block-group__inner-container is-layout-constrained wp-container-core-group-is-layout-3467996f wp-block-group-is-layout-constrained\">\n<p><strong><strong><strong>Domainverwaltung<\/strong><\/strong><\/strong><\/p>\n<\/div><\/div>\n\n\n\n<p>Die richtige Domain ist ein wesentlicher Bestandteil Ihres Online-Erfolgs. Wir \u00fcbernehmen f\u00fcr Sie die vollst\u00e4ndige Domainverwaltung:<\/p>\n\n\n\n<ul class=\"wp-block-list\">\n<li><strong>Registrierung und Transfer:<\/strong> Wunschdomain sichern oder bestehende Domains umziehen.<\/li>\n\n\n\n<li><strong>DNS-Verwaltung:<\/strong> Technische Anpassungen f\u00fcr optimale Erreichbarkeit und Sicherheit.<\/li>\n\n\n\n<li><strong>SSL-Zertifikate:<\/strong> Sicherheit f\u00fcr Ihre Webseite und bessere Rankings in Suchmaschinen.<\/li>\n\n\n\n<li><strong>Mehrere Domain-Endungen:<\/strong> .de, .com, .net, .org und viele weitere verf\u00fcgbar.<\/li>\n<\/ul>\n\n\n\n<p><strong>Virtuelle Server<\/strong><\/p>\n\n\n\n<ul class=\"wp-block-list\">\n<li><strong>Flexibilit\u00e4t:<\/strong> Individuelle Konfigurationen f\u00fcr ma\u00dfgeschneiderte Serverl\u00f6sungen.<\/li>\n\n\n\n<li><strong>Root- und Managed-Server:<\/strong> Wahl zwischen vollst\u00e4ndiger Kontrolle oder professioneller Verwaltung.<\/li>\n\n\n\n<li><strong>H\u00f6chste Sicherheitsstandards:<\/strong> Redundante Systeme und DDoS-Schutz.<\/li>\n<\/ul>\n\n\n\n<p>Verlassen Sie sich auf unsere professionelle Domainverwaltung f\u00fcr einen reibungslosen Betrieb Ihrer Online-Pr\u00e4senz.<\/p>\n\n\n\n<div class=\"wp-block-group alignfull has-white-color has-text-color has-background has-link-color has-medium-font-size wp-elements-095852c3bf4408cde39053083405a61d\" style=\"background-color:#302c85;padding-right:15px;padding-left:15px\"><div class=\"wp-block-group__inner-container is-layout-constrained wp-container-core-group-is-layout-3467996f wp-block-group-is-layout-constrained\">\n<p><strong>Warum wir?<\/strong><\/p>\n<\/div><\/div>\n\n\n\n<ul class=\"wp-block-list\">\n<li>Schnelle und unkomplizierte Registrierung oder Transfer Ihrer Domain.<\/li>\n\n\n\n<li>Umfangreiche DNS-Verwaltungsoptionen f\u00fcr maximale Kontrolle.<\/li>\n\n\n\n<li>Individuelle Beratung zur Wahl der besten Domainstrategie.<\/li>\n<\/ul>\n","protected":false},"excerpt":{"rendered":"<p>Domainverwaltung Die richtige Domain ist ein wesentlicher Bestandteil Ihres Online-Erfolgs. Wir \u00fcbernehmen f\u00fcr Sie die vollst\u00e4ndige Domainverwaltung: Virtuelle Server Verlassen Sie sich auf unsere professionelle Domainverwaltung f\u00fcr einen reibungslosen Betrieb Ihrer Online-Pr\u00e4senz.<\/p>\n","protected":false},"author":1,"featured_media":0,"parent":0,"menu_order":0,"comment_status":"closed","ping_status":"closed","template":"","meta":{"inline_featured_image":false,"_themeisle_gutenberg_block_has_review":false,"footnotes":""},"class_list":["post-398","page","type-page","status-publish","hentry"],"_links":{"self":[{"href":"https:\/\/scon.cloud\/index.php?rest_route=\/wp\/v2\/pages\/398","targetHints":{"allow":["GET"]}}],"collection":[{"href":"https:\/\/scon.cloud\/index.php?rest_route=\/wp\/v2\/pages"}],"about":[{"href":"https:\/\/scon.cloud\/index.php?rest_route=\/wp\/v2\/types\/page"}],"author":[{"embeddable":true,"href":"https:\/\/scon.cloud\/index.php?rest_route=\/wp\/v2\/users\/1"}],"replies":[{"embeddable":true,"href":"https:\/\/scon.cloud\/index.php?rest_route=%2Fwp%2Fv2%2Fcomments&post=398"}],"version-history":[{"count":4,"href":"https:\/\/scon.cloud\/index.php?rest_route=\/wp\/v2\/pages\/398\/revisions"}],"predecessor-version":[{"id":860,"href":"https:\/\/scon.cloud\/index.php?rest_route=\/wp\/v2\/pages\/398\/revisions\/860"}],"wp:attachment":[{"href":"https:\/\/scon.cloud\/index.php?rest_route=%2Fwp%2Fv2%2Fmedia&parent=398"}],"curies":[{"name":"wp","href":"https:\/\/api.w.org\/{rel}","templated":true}]}}