{"id":397,"date":"2025-02-05T14:38:21","date_gmt":"2025-02-05T13:38:21","guid":{"rendered":"http:\/\/scon.cloud\/?page_id=397"},"modified":"2025-03-18T13:11:11","modified_gmt":"2025-03-18T12:11:11","slug":"hosting","status":"publish","type":"page","link":"https:\/\/scon.cloud\/?page_id=397","title":{"rendered":"Hosting"},"content":{"rendered":"\n<header class=\"wp-block-group alignfull\"><div class=\"wp-block-group__inner-container is-layout-constrained wp-block-group-is-layout-constrained\">\n<div id=\"wp-block-themeisle-blocks-advanced-columns-9f8848a6\" class=\"wp-block-themeisle-blocks-advanced-columns alignfull has-1-columns has-desktop-equal-layout has-tablet-collapsedRows-layout has-mobile-collapsedRows-layout has-reverse-columns-tablet has-reverse-columns-mobile has-vertical-center ticss-0f635aec\"><div class=\"wp-block-themeisle-blocks-advanced-columns-overlay\"><\/div><div class=\"innerblocks-wrap\">\n<div id=\"wp-block-themeisle-blocks-advanced-column-cedf80ca\" class=\"wp-block-themeisle-blocks-advanced-column\">\n<h1 id=\"wp-block-themeisle-blocks-advanced-heading-ddc7a054\" class=\"wp-block-themeisle-blocks-advanced-heading wp-block-themeisle-blocks-advanced-heading-ddc7a054\"><strong><strong><strong>Webseite und Server professionell betreut<\/strong><\/strong><\/strong><\/h1>\n<\/div>\n<\/div><\/div>\n<\/div><\/header>\n\n\n\n<div class=\"wp-block-group alignfull has-white-color has-text-color has-background has-link-color has-medium-font-size wp-elements-5079eff34f15f768416ee9dc093fcc5c\" style=\"background-color:#302c85;padding-right:15px;padding-left:15px\"><div class=\"wp-block-group__inner-container is-layout-constrained wp-container-core-group-is-layout-3467996f wp-block-group-is-layout-constrained\">\n<p><strong><strong>Sicheres Hosting f\u00fcr Ihre Webseite und Server<\/strong><\/strong><\/p>\n<\/div><\/div>\n\n\n\n<p>Ein stabiles und sicheres Hosting ist die Basis f\u00fcr Ihre Online-Pr\u00e4senz. Wir bieten professionelles Housing mit h\u00f6chsten Sicherheits- und Performance-Standards in unseren modernen Rechenzentren.<\/p>\n\n\n\n<p><strong>Website-Hosting<\/strong><\/p>\n\n\n\n<ul class=\"wp-block-list\">\n<li><strong>Hochverf\u00fcgbare Server:<\/strong> Maximale Erreichbarkeit und Performance.<\/li>\n\n\n\n<li><strong>SSL-Verschl\u00fcsselung:<\/strong> Schutz sensibler Daten und sichere Kommunikation.<\/li>\n\n\n\n<li><strong>Automatische Backups:<\/strong> Vermeidung von Datenverlust durch regelm\u00e4\u00dfige Sicherungen.<\/li>\n\n\n\n<li><strong>Skalierbarkeit:<\/strong> Anpassung der Serverressourcen an Ihren Bedarf.<\/li>\n<\/ul>\n\n\n\n<p><strong>Virtuelle Server<\/strong><\/p>\n\n\n\n<ul class=\"wp-block-list\">\n<li><strong>Flexibilit\u00e4t:<\/strong> Individuelle Konfigurationen f\u00fcr ma\u00dfgeschneiderte Serverl\u00f6sungen.<\/li>\n\n\n\n<li><strong>Root- und Managed-Server:<\/strong> Wahl zwischen vollst\u00e4ndiger Kontrolle oder professioneller Verwaltung.<\/li>\n\n\n\n<li><strong>H\u00f6chste Sicherheitsstandards:<\/strong> Redundante Systeme und DDoS-Schutz.<\/li>\n<\/ul>\n\n\n\n<p>Unsere Hosting-Dienstleistungen bieten Ihnen eine zuverl\u00e4ssige und leistungsstarke Plattform f\u00fcr Ihre Webprojekte.<\/p>\n\n\n\n<div class=\"wp-block-group alignfull has-white-color has-text-color has-background has-link-color has-medium-font-size wp-elements-095852c3bf4408cde39053083405a61d\" style=\"background-color:#302c85;padding-right:15px;padding-left:15px\"><div class=\"wp-block-group__inner-container is-layout-constrained wp-container-core-group-is-layout-3467996f wp-block-group-is-layout-constrained\">\n<p><strong>Warum wir?<\/strong><\/p>\n<\/div><\/div>\n\n\n\n<ul class=\"wp-block-list\">\n<li>Hochmoderne Rechenzentren mit maximaler Ausfallsicherheit.<\/li>\n\n\n\n<li>Flexible Hosting-L\u00f6sungen, die mit Ihrem Unternehmen wachsen.<\/li>\n\n\n\n<li>pers\u00f6nliche Ansprechpartner, Schnelle Reaktionszeiten.<\/li>\n<\/ul>\n","protected":false},"excerpt":{"rendered":"<p>Sicheres Hosting f\u00fcr Ihre Webseite und Server Ein stabiles und sicheres Hosting ist die Basis f\u00fcr Ihre Online-Pr\u00e4senz. Wir bieten professionelles Housing mit h\u00f6chsten Sicherheits- und Performance-Standards in unseren modernen Rechenzentren. Website-Hosting Virtuelle Server Unsere Hosting-Dienstleistungen bieten Ihnen eine zuverl\u00e4ssige und leistungsstarke Plattform f\u00fcr Ihre Webprojekte.<\/p>\n","protected":false},"author":1,"featured_media":0,"parent":0,"menu_order":0,"comment_status":"closed","ping_status":"closed","template":"","meta":{"inline_featured_image":false,"_themeisle_gutenberg_block_has_review":false,"footnotes":""},"class_list":["post-397","page","type-page","status-publish","hentry"],"_links":{"self":[{"href":"https:\/\/scon.cloud\/index.php?rest_route=\/wp\/v2\/pages\/397","targetHints":{"allow":["GET"]}}],"collection":[{"href":"https:\/\/scon.cloud\/index.php?rest_route=\/wp\/v2\/pages"}],"about":[{"href":"https:\/\/scon.cloud\/index.php?rest_route=\/wp\/v2\/types\/page"}],"author":[{"embeddable":true,"href":"https:\/\/scon.cloud\/index.php?rest_route=\/wp\/v2\/users\/1"}],"replies":[{"embeddable":true,"href":"https:\/\/scon.cloud\/index.php?rest_route=%2Fwp%2Fv2%2Fcomments&post=397"}],"version-history":[{"count":5,"href":"https:\/\/scon.cloud\/index.php?rest_route=\/wp\/v2\/pages\/397\/revisions"}],"predecessor-version":[{"id":858,"href":"https:\/\/scon.cloud\/index.php?rest_route=\/wp\/v2\/pages\/397\/revisions\/858"}],"wp:attachment":[{"href":"https:\/\/scon.cloud\/index.php?rest_route=%2Fwp%2Fv2%2Fmedia&parent=397"}],"curies":[{"name":"wp","href":"https:\/\/api.w.org\/{rel}","templated":true}]}}