{"id":394,"date":"2025-02-05T14:38:21","date_gmt":"2025-02-05T13:38:21","guid":{"rendered":"http:\/\/scon.cloud\/?page_id=394"},"modified":"2025-03-19T13:20:26","modified_gmt":"2025-03-19T12:20:26","slug":"anwenderbetreuung","status":"publish","type":"page","link":"https:\/\/scon.cloud\/?page_id=394","title":{"rendered":"Anwenderbetreuung"},"content":{"rendered":"\n<header class=\"wp-block-group alignfull\"><div class=\"wp-block-group__inner-container is-layout-constrained wp-block-group-is-layout-constrained\">\n<div id=\"wp-block-themeisle-blocks-advanced-columns-9f8848a6\" class=\"wp-block-themeisle-blocks-advanced-columns alignfull has-1-columns has-desktop-equal-layout has-tablet-collapsedRows-layout has-mobile-collapsedRows-layout has-reverse-columns-tablet has-reverse-columns-mobile has-vertical-center ticss-0f635aec\"><div class=\"wp-block-themeisle-blocks-advanced-columns-overlay\"><\/div><div class=\"innerblocks-wrap\">\n<div id=\"wp-block-themeisle-blocks-advanced-column-cedf80ca\" class=\"wp-block-themeisle-blocks-advanced-column\">\n<h1 id=\"wp-block-themeisle-blocks-advanced-heading-ddc7a054\" class=\"wp-block-themeisle-blocks-advanced-heading wp-block-themeisle-blocks-advanced-heading-ddc7a054\">zuverl\u00e4ssigen Support f\u00fcr Ihre Mitarbeiter<br>f\u00fcr produktives Arbeiten<\/h1>\n<\/div>\n<\/div><\/div>\n<\/div><\/header>\n\n\n\n<div class=\"wp-block-group alignfull has-white-color has-text-color has-background has-link-color has-medium-font-size wp-elements-d850808df879b46dde904bad6356defe\" style=\"background-color:#302c85;padding-right:15px;padding-left:15px\"><div class=\"wp-block-group__inner-container is-layout-constrained wp-container-core-group-is-layout-3467996f wp-block-group-is-layout-constrained\">\n<p><strong>Anwenderbetreuung<\/strong><\/p>\n<\/div><\/div>\n\n\n\n<p>Effektive IT-Nutzung erfordert einen zuverl\u00e4ssigen Support f\u00fcr Ihre Mitarbeiter \u2013 sowohl vor Ort als auch remote. Unser Fokus liegt darauf, die Produktivit\u00e4t und Effizienz Ihrer Teams durch schnelle, kompetente Unterst\u00fctzung sowie praxisnahe Schulungen zu steigern.<\/p>\n\n\n\n<div class=\"wp-block-group alignfull has-white-color has-text-color has-background has-link-color has-medium-font-size wp-elements-80883d2fb006f4a5b6eebbf70ed433ee\" style=\"background-color:#302c85;padding-right:15px;padding-left:15px\"><div class=\"wp-block-group__inner-container is-layout-constrained wp-container-core-group-is-layout-3467996f wp-block-group-is-layout-constrained\">\n<p><strong>Unsere Leistungen<\/strong><\/p>\n<\/div><\/div>\n\n\n\n<ul class=\"wp-block-list\">\n<li><strong>Vor-Ort-Support f\u00fcr IT-Arbeitspl\u00e4tze:<\/strong> Direkte Hilfe durch unsere Techniker zur L\u00f6sung von Hardware- und Softwareproblemen, Druckerkonfigurationen oder Netzwerkeinstellungen.<\/li>\n\n\n\n<li><strong>Remote-Support f\u00fcr schnelle Probleml\u00f6sungen:<\/strong> Sofortige Unterst\u00fctzung durch Fernwartung, um Systemst\u00f6rungen, Softwarefehler oder Konfigurationsprobleme schnell und effizient zu beheben.<\/li>\n\n\n\n<li><strong>Schulungen und IT-Workshops f\u00fcr Anwender:<\/strong> Ma\u00dfgeschneiderte Trainings zu Anwendungen, IT-Sicherheit und effizienter Systemnutzung, angepasst an die individuellen Bed\u00fcrfnisse Ihrer Mitarbeiter.<\/li>\n\n\n\n<li><strong>Onboarding neuer Mitarbeiter:<\/strong> Unterst\u00fctzung bei der technischen Einrichtung und Einf\u00fchrung in die IT-Systeme Ihres Unternehmens, um einen reibungslosen Start zu gew\u00e4hrleisten.<\/li>\n\n\n\n<li><strong>Proaktive Unterst\u00fctzung:<\/strong> Regelm\u00e4\u00dfige IT-Checks, um potenzielle Probleme fr\u00fchzeitig zu erkennen und zu verhindern.<\/li>\n<\/ul>\n\n\n\n<div class=\"wp-block-group alignfull has-white-color has-text-color has-background has-link-color has-medium-font-size wp-elements-095852c3bf4408cde39053083405a61d\" style=\"background-color:#302c85;padding-right:15px;padding-left:15px\"><div class=\"wp-block-group__inner-container is-layout-constrained wp-container-core-group-is-layout-3467996f wp-block-group-is-layout-constrained\">\n<p><strong>Warum wir?<\/strong><\/p>\n<\/div><\/div>\n\n\n\n<ul class=\"wp-block-list\">\n<li><strong>Effiziente und praxisorientierte L\u00f6sungen f\u00fcr Anwender:<\/strong> Unsere IT-Experten bieten schnell verst\u00e4ndliche Anleitungen und L\u00f6sungen, die den Arbeitsalltag erleichtern.<\/li>\n\n\n\n<li><strong>Direkte Unterst\u00fctzung durch unsere IT-Experten:<\/strong> Wir stehen Ihren Mitarbeitern jederzeit mit individuellem Support und technischen Hilfestellungen zur Verf\u00fcgung.<\/li>\n\n\n\n<li><strong>Ma\u00dfgeschneiderte Schulungen zur Optimierung Ihrer IT-Nutzung:<\/strong> Angepasste Schulungsprogramme helfen Ihren Teams, sich sicher und effizient in Ihrer IT-Umgebung zu bewegen und produktiver zu<\/li>\n<\/ul>\n","protected":false},"excerpt":{"rendered":"<p>Anwenderbetreuung Effektive IT-Nutzung erfordert einen zuverl\u00e4ssigen Support f\u00fcr Ihre Mitarbeiter \u2013 sowohl vor Ort als auch remote. Unser Fokus liegt darauf, die Produktivit\u00e4t und Effizienz Ihrer Teams durch schnelle, kompetente Unterst\u00fctzung sowie praxisnahe Schulungen zu steigern. Unsere Leistungen<\/p>\n","protected":false},"author":1,"featured_media":0,"parent":0,"menu_order":0,"comment_status":"closed","ping_status":"closed","template":"","meta":{"inline_featured_image":false,"_themeisle_gutenberg_block_has_review":false,"footnotes":""},"class_list":["post-394","page","type-page","status-publish","hentry"],"_links":{"self":[{"href":"https:\/\/scon.cloud\/index.php?rest_route=\/wp\/v2\/pages\/394","targetHints":{"allow":["GET"]}}],"collection":[{"href":"https:\/\/scon.cloud\/index.php?rest_route=\/wp\/v2\/pages"}],"about":[{"href":"https:\/\/scon.cloud\/index.php?rest_route=\/wp\/v2\/types\/page"}],"author":[{"embeddable":true,"href":"https:\/\/scon.cloud\/index.php?rest_route=\/wp\/v2\/users\/1"}],"replies":[{"embeddable":true,"href":"https:\/\/scon.cloud\/index.php?rest_route=%2Fwp%2Fv2%2Fcomments&post=394"}],"version-history":[{"count":5,"href":"https:\/\/scon.cloud\/index.php?rest_route=\/wp\/v2\/pages\/394\/revisions"}],"predecessor-version":[{"id":924,"href":"https:\/\/scon.cloud\/index.php?rest_route=\/wp\/v2\/pages\/394\/revisions\/924"}],"wp:attachment":[{"href":"https:\/\/scon.cloud\/index.php?rest_route=%2Fwp%2Fv2%2Fmedia&parent=394"}],"curies":[{"name":"wp","href":"https:\/\/api.w.org\/{rel}","templated":true}]}}