{"id":392,"date":"2025-02-05T14:38:21","date_gmt":"2025-02-05T13:38:21","guid":{"rendered":"http:\/\/scon.cloud\/?page_id=392"},"modified":"2025-03-07T16:12:50","modified_gmt":"2025-03-07T15:12:50","slug":"it-schutz","status":"publish","type":"page","link":"https:\/\/scon.cloud\/?page_id=392","title":{"rendered":"IT-Schutz"},"content":{"rendered":"\n<header class=\"wp-block-group alignfull\"><div class=\"wp-block-group__inner-container is-layout-constrained wp-block-group-is-layout-constrained\">\n<div id=\"wp-block-themeisle-blocks-advanced-columns-9f8848a6\" class=\"wp-block-themeisle-blocks-advanced-columns alignfull has-1-columns has-desktop-equal-layout has-tablet-collapsedRows-layout has-mobile-collapsedRows-layout has-reverse-columns-tablet has-reverse-columns-mobile has-vertical-center ticss-0f635aec\"><div class=\"wp-block-themeisle-blocks-advanced-columns-overlay\"><\/div><div class=\"innerblocks-wrap\">\n<div id=\"wp-block-themeisle-blocks-advanced-column-cedf80ca\" class=\"wp-block-themeisle-blocks-advanced-column\">\n<h1 id=\"wp-block-themeisle-blocks-advanced-heading-ddc7a054\" class=\"wp-block-themeisle-blocks-advanced-heading wp-block-themeisle-blocks-advanced-heading-ddc7a054\">I<strong>T-Schutz<\/strong><\/h1>\n<\/div>\n<\/div><\/div>\n<\/div><\/header>\n\n\n\n<div class=\"wp-block-group alignfull has-white-color has-text-color has-background has-link-color has-medium-font-size wp-elements-923eec5f3c092b69f0c739db14116d09\" style=\"background-color:#302c85;padding-right:15px;padding-left:15px\"><div class=\"wp-block-group__inner-container is-layout-constrained wp-container-core-group-is-layout-3467996f wp-block-group-is-layout-constrained\">\n<p><strong>IT-Schutz<\/strong><\/p>\n<\/div><\/div>\n\n\n\n<p>Sicherheit ist ein zentraler Bestandteil jeder IT-Strategie. Wir bieten umfassende Schutzma\u00dfnahmen f\u00fcr Ihre Systeme und Daten, um Cyberangriffe, Datenverlust und unbefugte Zugriffe effektiv zu verhindern. Unsere Sicherheitsl\u00f6sungen sind auf die individuellen Anforderungen Ihres Unternehmens abgestimmt und sorgen f\u00fcr einen l\u00fcckenlosen Schutz Ihrer IT-Infrastruktur.<\/p>\n\n\n\n<div class=\"wp-block-group alignfull has-white-color has-text-color has-background has-link-color has-medium-font-size wp-elements-0c767401f299933f2fca343db927373e\" style=\"background-color:#302c85;padding-right:15px;padding-left:15px\"><div class=\"wp-block-group__inner-container is-layout-constrained wp-container-core-group-is-layout-3467996f wp-block-group-is-layout-constrained\">\n<p><strong><strong>Unsere Leistungen<\/strong><\/strong><\/p>\n<\/div><\/div>\n\n\n\n<ul class=\"wp-block-list\">\n<li><strong>Firewall- und Netzwerksicherheitsl\u00f6sungen:<\/strong> Implementierung und Verwaltung fortschrittlicher Firewalls zur Absicherung gegen unbefugte Zugriffe, Malware und DDoS-Angriffe.<\/li>\n\n\n\n<li><strong>Virenschutz und Endpoint-Security:<\/strong> Installation und Wartung leistungsstarker Antiviren- und Endpoint-Security-L\u00f6sungen zum Schutz Ihrer Endger\u00e4te vor Schadsoftware und Phishing-Angriffen.<\/li>\n\n\n\n<li><strong>Backup- und Wiederherstellungskonzepte:<\/strong> Entwicklung und Implementierung robuster Backup-Strategien f\u00fcr die Sicherstellung Ihrer Gesch\u00e4ftsdaten, einschlie\u00dflich Cloud- und On-Premise-L\u00f6sungen.<\/li>\n\n\n\n<li><strong>Sicherheitsanalysen und Audits:<\/strong> Regelm\u00e4\u00dfige Sicherheits\u00fcberpr\u00fcfungen, Schwachstellenanalysen und Penetrationstests zur Identifikation und Behebung potenzieller Sicherheitsl\u00fccken.<\/li>\n\n\n\n<li><strong>Zero-Trust-Sicherheitsarchitektur:<\/strong> Einf\u00fchrung von Zero-Trust-Modellen zur Minimierung von Risiken und zur Optimierung von Zugriffsrechten basierend auf einer strikten Identit\u00e4ts\u00fcberpr\u00fcfung.<\/li>\n<\/ul>\n\n\n\n<div class=\"wp-block-group alignfull has-white-color has-text-color has-background has-link-color has-medium-font-size wp-elements-095852c3bf4408cde39053083405a61d\" style=\"background-color:#302c85;padding-right:15px;padding-left:15px\"><div class=\"wp-block-group__inner-container is-layout-constrained wp-container-core-group-is-layout-3467996f wp-block-group-is-layout-constrained\">\n<p><strong>Warum wir?<\/strong><\/p>\n<\/div><\/div>\n\n\n\n<ul class=\"wp-block-list\">\n<li><strong>Modernste Sicherheitsstandards f\u00fcr optimalen Schutz:<\/strong> Unsere Sicherheitsl\u00f6sungen entsprechen den neuesten Branchenstandards und gew\u00e4hrleisten maximalen Schutz vor Bedrohungen.<\/li>\n\n\n\n<li><strong>Individuelle Sicherheitsl\u00f6sungen f\u00fcr Ihr Unternehmen:<\/strong> Wir analysieren Ihre Anforderungen und entwickeln ma\u00dfgeschneiderte Schutzma\u00dfnahmen f\u00fcr Ihre IT-Infrastruktur.<\/li>\n\n\n\n<li><strong>Kontinuierliche \u00dcberpr\u00fcfung und Anpassung an neue Bedrohungen:<\/strong> Regelm\u00e4\u00dfige Updates, Schulungen und proaktive Sicherheitsstrategien zur schnellen Anpassung an aktuelle Cybergefahren.<\/li>\n<\/ul>\n","protected":false},"excerpt":{"rendered":"<p>IT-Schutz Sicherheit ist ein zentraler Bestandteil jeder IT-Strategie. Wir bieten umfassende Schutzma\u00dfnahmen f\u00fcr Ihre Systeme und Daten, um Cyberangriffe, Datenverlust und unbefugte Zugriffe effektiv zu verhindern. Unsere Sicherheitsl\u00f6sungen sind auf die individuellen Anforderungen Ihres Unternehmens abgestimmt und sorgen f\u00fcr einen l\u00fcckenlosen Schutz Ihrer IT-Infrastruktur. Unsere Leistungen<\/p>\n","protected":false},"author":1,"featured_media":0,"parent":0,"menu_order":0,"comment_status":"closed","ping_status":"closed","template":"","meta":{"inline_featured_image":false,"_themeisle_gutenberg_block_has_review":false,"footnotes":""},"class_list":["post-392","page","type-page","status-publish","hentry"],"_links":{"self":[{"href":"https:\/\/scon.cloud\/index.php?rest_route=\/wp\/v2\/pages\/392","targetHints":{"allow":["GET"]}}],"collection":[{"href":"https:\/\/scon.cloud\/index.php?rest_route=\/wp\/v2\/pages"}],"about":[{"href":"https:\/\/scon.cloud\/index.php?rest_route=\/wp\/v2\/types\/page"}],"author":[{"embeddable":true,"href":"https:\/\/scon.cloud\/index.php?rest_route=\/wp\/v2\/users\/1"}],"replies":[{"embeddable":true,"href":"https:\/\/scon.cloud\/index.php?rest_route=%2Fwp%2Fv2%2Fcomments&post=392"}],"version-history":[{"count":4,"href":"https:\/\/scon.cloud\/index.php?rest_route=\/wp\/v2\/pages\/392\/revisions"}],"predecessor-version":[{"id":829,"href":"https:\/\/scon.cloud\/index.php?rest_route=\/wp\/v2\/pages\/392\/revisions\/829"}],"wp:attachment":[{"href":"https:\/\/scon.cloud\/index.php?rest_route=%2Fwp%2Fv2%2Fmedia&parent=392"}],"curies":[{"name":"wp","href":"https:\/\/api.w.org\/{rel}","templated":true}]}}