{"id":391,"date":"2025-02-05T14:38:21","date_gmt":"2025-02-05T13:38:21","guid":{"rendered":"http:\/\/scon.cloud\/?page_id=391"},"modified":"2025-07-24T15:08:17","modified_gmt":"2025-07-24T13:08:17","slug":"netzwerkmanagement","status":"publish","type":"page","link":"https:\/\/scon.cloud\/?page_id=391","title":{"rendered":"Netzwerkmanagement"},"content":{"rendered":"\n<header class=\"wp-block-group alignfull\"><div class=\"wp-block-group__inner-container is-layout-constrained wp-block-group-is-layout-constrained\">\n<div id=\"wp-block-themeisle-blocks-advanced-columns-9f8848a6\" class=\"wp-block-themeisle-blocks-advanced-columns alignfull has-1-columns has-desktop-equal-layout has-tablet-collapsedRows-layout has-mobile-collapsedRows-layout has-reverse-columns-tablet has-reverse-columns-mobile has-vertical-center ticss-0f635aec\"><div class=\"wp-block-themeisle-blocks-advanced-columns-overlay\"><\/div><div class=\"innerblocks-wrap\">\n<div id=\"wp-block-themeisle-blocks-advanced-column-cedf80ca\" class=\"wp-block-themeisle-blocks-advanced-column\">\n<h1 id=\"wp-block-themeisle-blocks-advanced-heading-ddc7a054\" class=\"wp-block-themeisle-blocks-advanced-heading wp-block-themeisle-blocks-advanced-heading-ddc7a054\">Optimieren Sie Ihr Netzwerkmanagement \u2013 mit unserer Hilfe<\/h1>\n<\/div>\n<\/div><\/div>\n<\/div><\/header>\n\n\n\n<div class=\"wp-block-group alignfull has-white-color has-text-color has-background has-link-color has-medium-font-size wp-elements-c6704ad13aba45f4479d466ed0dc36e2\" style=\"background-color:#302c85;padding-right:15px;padding-left:15px\"><div class=\"wp-block-group__inner-container is-layout-constrained wp-container-core-group-is-layout-3467996f wp-block-group-is-layout-constrained\">\n<p><strong>Netzwerkmanagement<\/strong><\/p>\n<\/div><\/div>\n\n\n\n<p>Ein effizientes Netzwerkmanagement stellt sicher, dass Ihre Systeme reibungslos funktionieren und Ihre Gesch\u00e4ftsprozesse optimal unterst\u00fctzt werden. Durch kontinuierliche \u00dcberwachung, Fehleranalyse und pr\u00e4ventive Ma\u00dfnahmen minimieren wir Ausfallzeiten und maximieren die Performance Ihrer IT-Infrastruktur.<\/p>\n\n\n\n<div class=\"wp-block-group alignfull has-white-color has-text-color has-background has-link-color has-medium-font-size wp-elements-0c767401f299933f2fca343db927373e\" style=\"background-color:#302c85;padding-right:15px;padding-left:15px\"><div class=\"wp-block-group__inner-container is-layout-constrained wp-container-core-group-is-layout-3467996f wp-block-group-is-layout-constrained\">\n<p><strong><strong>Unsere Leistungen<\/strong><\/strong><\/p>\n<\/div><\/div>\n\n\n\n<ul class=\"wp-block-list\">\n<li><strong>Monitoring und Wartung der IT-Infrastruktur:<\/strong> Permanente \u00dcberwachung kritischer Systemkomponenten zur fr\u00fchzeitigen Erkennung von Problemen und pr\u00e4ventiven Wartung.<\/li>\n\n\n\n<li><strong>Performance-Optimierung und Fehleranalyse:<\/strong> Identifikation und Behebung von Engp\u00e4ssen, um die Systemleistung zu verbessern und die Effizienz zu steigern.<\/li>\n\n\n\n<li><strong>Automatisierte Updates und Patch-Management:<\/strong> Sicherstellung aktueller und gesch\u00fctzter Systeme durch regelm\u00e4\u00dfige Aktualisierungen und gezielte Patch-Implementierungen.<\/li>\n\n\n\n<li><strong>Netzwerksicherheit und Zugriffskontrolle:<\/strong> Implementierung und Verwaltung von Sicherheitsrichtlinien zur Vermeidung unbefugter Zugriffe und Bedrohungen.<\/li>\n\n\n\n<li><strong>Kapazit\u00e4tsplanung und Skalierung:<\/strong> Analyse der bestehenden Infrastruktur und Entwicklung einer skalierbaren Strategie zur optimalen Ressourcennutzung.<\/li>\n<\/ul>\n\n\n\n<div class=\"wp-block-group alignfull has-white-color has-text-color has-background has-link-color has-medium-font-size wp-elements-095852c3bf4408cde39053083405a61d\" style=\"background-color:#302c85;padding-right:15px;padding-left:15px\"><div class=\"wp-block-group__inner-container is-layout-constrained wp-container-core-group-is-layout-3467996f wp-block-group-is-layout-constrained\">\n<p><strong>Warum wir?<\/strong><\/p>\n<\/div><\/div>\n\n\n\n<ul class=\"wp-block-list\">\n<li><strong>Proaktive \u00dcberwachung zur Vermeidung von Ausf\u00e4llen:<\/strong> Durch kontinuierliches Monitoring erkennen wir potenzielle Probleme fr\u00fchzeitig und verhindern gr\u00f6\u00dfere St\u00f6rungen.<\/li>\n\n\n\n<li><strong>Skalierbare L\u00f6sungen f\u00fcr Unternehmen jeder Gr\u00f6\u00dfe:<\/strong> Egal, ob KMU oder Gro\u00dfunternehmen \u2013 unsere L\u00f6sungen passen sich flexibel an Ihre Gesch\u00e4ftsanforderungen an.<\/li>\n\n\n\n<li><strong>Transparente und planbare Wartungskonzepte:<\/strong> Wir bieten ma\u00dfgeschneiderte Servicevertr\u00e4ge mit festen Wartungsintervallen und klar definierten Reaktionszeiten, um langfristige Stabilit\u00e4t zu gew\u00e4hrleisten.<\/li>\n<\/ul>\n","protected":false},"excerpt":{"rendered":"<p>Netzwerkmanagement Ein effizientes Netzwerkmanagement stellt sicher, dass Ihre Systeme reibungslos funktionieren und Ihre Gesch\u00e4ftsprozesse optimal unterst\u00fctzt werden. Durch kontinuierliche \u00dcberwachung, Fehleranalyse und pr\u00e4ventive Ma\u00dfnahmen minimieren wir Ausfallzeiten und maximieren die Performance Ihrer IT-Infrastruktur. Unsere Leistungen<\/p>\n","protected":false},"author":1,"featured_media":0,"parent":0,"menu_order":0,"comment_status":"closed","ping_status":"closed","template":"","meta":{"inline_featured_image":false,"_themeisle_gutenberg_block_has_review":false,"footnotes":""},"class_list":["post-391","page","type-page","status-publish","hentry"],"_links":{"self":[{"href":"https:\/\/scon.cloud\/index.php?rest_route=\/wp\/v2\/pages\/391","targetHints":{"allow":["GET"]}}],"collection":[{"href":"https:\/\/scon.cloud\/index.php?rest_route=\/wp\/v2\/pages"}],"about":[{"href":"https:\/\/scon.cloud\/index.php?rest_route=\/wp\/v2\/types\/page"}],"author":[{"embeddable":true,"href":"https:\/\/scon.cloud\/index.php?rest_route=\/wp\/v2\/users\/1"}],"replies":[{"embeddable":true,"href":"https:\/\/scon.cloud\/index.php?rest_route=%2Fwp%2Fv2%2Fcomments&post=391"}],"version-history":[{"count":7,"href":"https:\/\/scon.cloud\/index.php?rest_route=\/wp\/v2\/pages\/391\/revisions"}],"predecessor-version":[{"id":971,"href":"https:\/\/scon.cloud\/index.php?rest_route=\/wp\/v2\/pages\/391\/revisions\/971"}],"wp:attachment":[{"href":"https:\/\/scon.cloud\/index.php?rest_route=%2Fwp%2Fv2%2Fmedia&parent=391"}],"curies":[{"name":"wp","href":"https:\/\/api.w.org\/{rel}","templated":true}]}}