{"id":347,"date":"2025-01-24T15:47:05","date_gmt":"2025-01-24T14:47:05","guid":{"rendered":"https:\/\/scon.cloud\/?page_id=347"},"modified":"2025-03-07T16:21:10","modified_gmt":"2025-03-07T15:21:10","slug":"hardware","status":"publish","type":"page","link":"https:\/\/scon.cloud\/?page_id=347","title":{"rendered":"Hard- und Software"},"content":{"rendered":"\n<header class=\"wp-block-group alignfull\"><div class=\"wp-block-group__inner-container is-layout-constrained wp-block-group-is-layout-constrained\">\n<div id=\"wp-block-themeisle-blocks-advanced-columns-9f8848a6\" class=\"wp-block-themeisle-blocks-advanced-columns alignfull has-1-columns has-desktop-equal-layout has-tablet-collapsedRows-layout has-mobile-collapsedRows-layout has-reverse-columns-tablet has-reverse-columns-mobile has-vertical-center ticss-0f635aec\"><div class=\"wp-block-themeisle-blocks-advanced-columns-overlay\"><\/div><div class=\"innerblocks-wrap\">\n<div id=\"wp-block-themeisle-blocks-advanced-column-cedf80ca\" class=\"wp-block-themeisle-blocks-advanced-column\">\n<h1 id=\"wp-block-themeisle-blocks-advanced-heading-ddc7a054\" class=\"wp-block-themeisle-blocks-advanced-heading wp-block-themeisle-blocks-advanced-heading-ddc7a054\">Ein stabiles und sicheres<br>Netzwerk bildet die Grundlage<br>f\u00fcr produktives Arbeiten.<\/h1>\n<\/div>\n<\/div><\/div>\n<\/div><\/header>\n\n\n\n<div class=\"wp-block-group alignfull has-white-color has-text-color has-background has-link-color has-medium-font-size wp-elements-58ee57dfc3d36fc94311ab6956934a88\" style=\"background-color:#302c85;padding-right:15px;padding-left:15px\"><div class=\"wp-block-group__inner-container is-layout-constrained wp-container-core-group-is-layout-3467996f wp-block-group-is-layout-constrained\">\n<p><strong>Hard- und Software<\/strong><\/p>\n<\/div><\/div>\n\n\n\n<p>Die Auswahl der richtigen Hard- und Software ist entscheidend f\u00fcr eine effiziente IT-Umgebung. Wir beraten Sie herstellerunabh\u00e4ngig, analysieren Ihre bestehenden IT-Strukturen und liefern ma\u00dfgeschneiderte L\u00f6sungen, die optimal auf Ihre Gesch\u00e4ftsanforderungen abgestimmt sind.<\/p>\n\n\n\n<div class=\"wp-block-group alignfull has-white-color has-text-color has-background has-link-color has-medium-font-size wp-elements-80883d2fb006f4a5b6eebbf70ed433ee\" style=\"background-color:#302c85;padding-right:15px;padding-left:15px\"><div class=\"wp-block-group__inner-container is-layout-constrained wp-container-core-group-is-layout-3467996f wp-block-group-is-layout-constrained\">\n<p><strong>Unsere Leistungen<\/strong><\/p>\n<\/div><\/div>\n\n\n\n<ul class=\"wp-block-list\">\n<li><strong>Beschaffung und Implementierung passender Hardware:<\/strong> Wir unterst\u00fctzen Sie bei der Auswahl leistungsf\u00e4higer Server, Arbeitsplatzrechner, Peripherieger\u00e4te und Netzwerktechnologien, die langfristig zu Ihrer Unternehmensstrategie passen.<\/li>\n\n\n\n<li><strong>Lizenz- und Softwaremanagement:<\/strong> Wir \u00fcbernehmen die Verwaltung und Optimierung Ihrer Softwarelizenzen, sodass Sie stets rechtssicher und kostenoptimiert arbeiten k\u00f6nnen.<\/li>\n\n\n\n<li><strong>Integration von Betriebssystemen und Anwendungen:<\/strong> Unsere Experten k\u00fcmmern sich um die nahtlose Implementierung von Windows, Linux und anderen Betriebssystemen sowie die Einrichtung und Konfiguration branchenspezifischer Anwendungen.<\/li>\n\n\n\n<li><strong>Optimierung bestehender IT-L\u00f6sungen:<\/strong> Durch gezielte Analyse und Anpassungen steigern wir die Performance und Effizienz Ihrer bestehenden IT-Infrastruktur.<\/li>\n\n\n\n<li><strong>IT-Lifecycle-Management:<\/strong> Wir helfen Ihnen bei der langfristigen Planung und Verwaltung Ihrer IT-Ressourcen, um Kosten zu senken und Effizienzsteigerungen zu realisieren.<\/li>\n<\/ul>\n\n\n\n<div class=\"wp-block-group alignfull has-white-color has-text-color has-background has-link-color has-medium-font-size wp-elements-095852c3bf4408cde39053083405a61d\" style=\"background-color:#302c85;padding-right:15px;padding-left:15px\"><div class=\"wp-block-group__inner-container is-layout-constrained wp-container-core-group-is-layout-3467996f wp-block-group-is-layout-constrained\">\n<p><strong>Warum wir?<\/strong><\/p>\n<\/div><\/div>\n\n\n\n<ul class=\"wp-block-list\">\n<li><strong>Herstellerunabh\u00e4ngige Beratung f\u00fcr die beste L\u00f6sung:<\/strong> Wir analysieren Ihre Anforderungen und empfehlen Ihnen die optimalen Technologien, unabh\u00e4ngig von bestimmten Anbietern.<\/li>\n\n\n\n<li><strong>Kostenoptimierte und leistungsstarke IT-Ausstattung:<\/strong> Unser Ziel ist es, Ihnen zuverl\u00e4ssige und zukunftssichere Hardware- und Softwarel\u00f6sungen zu bieten, die Ihr Unternehmen effizient unterst\u00fctzen.<\/li>\n\n\n\n<li><strong>Zukunftssichere Technologien und nachhaltige L\u00f6sungen:<\/strong> Wir setzen auf innovative Technologien, die Ihr Unternehmen langfristig wettbewerbsf\u00e4hig machen, und ber\u00fccksichtigen nachhaltige IT-Strategien f\u00fcr eine ressourcenschonende Nutzung.<\/li>\n<\/ul>\n","protected":false},"excerpt":{"rendered":"<p>Hard- und Software Die Auswahl der richtigen Hard- und Software ist entscheidend f\u00fcr eine effiziente IT-Umgebung. Wir beraten Sie herstellerunabh\u00e4ngig, analysieren Ihre bestehenden IT-Strukturen und liefern ma\u00dfgeschneiderte L\u00f6sungen, die optimal auf Ihre Gesch\u00e4ftsanforderungen abgestimmt sind. Unsere Leistungen Warum wir?<\/p>\n","protected":false},"author":1,"featured_media":0,"parent":0,"menu_order":0,"comment_status":"closed","ping_status":"closed","template":"","meta":{"inline_featured_image":false,"_themeisle_gutenberg_block_has_review":false,"footnotes":""},"class_list":["post-347","page","type-page","status-publish","hentry"],"_links":{"self":[{"href":"https:\/\/scon.cloud\/index.php?rest_route=\/wp\/v2\/pages\/347","targetHints":{"allow":["GET"]}}],"collection":[{"href":"https:\/\/scon.cloud\/index.php?rest_route=\/wp\/v2\/pages"}],"about":[{"href":"https:\/\/scon.cloud\/index.php?rest_route=\/wp\/v2\/types\/page"}],"author":[{"embeddable":true,"href":"https:\/\/scon.cloud\/index.php?rest_route=\/wp\/v2\/users\/1"}],"replies":[{"embeddable":true,"href":"https:\/\/scon.cloud\/index.php?rest_route=%2Fwp%2Fv2%2Fcomments&post=347"}],"version-history":[{"count":5,"href":"https:\/\/scon.cloud\/index.php?rest_route=\/wp\/v2\/pages\/347\/revisions"}],"predecessor-version":[{"id":839,"href":"https:\/\/scon.cloud\/index.php?rest_route=\/wp\/v2\/pages\/347\/revisions\/839"}],"wp:attachment":[{"href":"https:\/\/scon.cloud\/index.php?rest_route=%2Fwp%2Fv2%2Fmedia&parent=347"}],"curies":[{"name":"wp","href":"https:\/\/api.w.org\/{rel}","templated":true}]}}