{"id":288,"date":"2025-01-24T10:31:34","date_gmt":"2025-01-24T09:31:34","guid":{"rendered":"https:\/\/scon.cloud\/?page_id=288"},"modified":"2025-02-28T16:33:25","modified_gmt":"2025-02-28T15:33:25","slug":"startseite-2","status":"publish","type":"page","link":"https:\/\/scon.cloud\/","title":{"rendered":"Ze<span style=\"color:#DC3733\">it<\/span> f\u00fcr Spezialisten"},"content":{"rendered":"\n<header class=\"wp-block-group alignfull\"><div class=\"wp-block-group__inner-container is-layout-constrained wp-block-group-is-layout-constrained\">\n<div id=\"wp-block-themeisle-blocks-advanced-columns-9f8848a6\" class=\"wp-block-themeisle-blocks-advanced-columns alignfull has-1-columns has-desktop-equal-layout has-tablet-collapsedRows-layout has-mobile-collapsedRows-layout has-reverse-columns-tablet has-reverse-columns-mobile has-vertical-center ticss-0f635aec\"><div class=\"wp-block-themeisle-blocks-advanced-columns-overlay\"><\/div><div class=\"innerblocks-wrap\">\n<div id=\"wp-block-themeisle-blocks-advanced-column-cedf80ca\" class=\"wp-block-themeisle-blocks-advanced-column\">\n<h1 id=\"wp-block-themeisle-blocks-advanced-heading-ddc7a054\" class=\"wp-block-themeisle-blocks-advanced-heading wp-block-themeisle-blocks-advanced-heading-ddc7a054\">ZE<span class=\"it\">IT<\/span> F\u00dcR SPEZIALISTEN.<\/h1>\n<\/div>\n<\/div><\/div>\n<\/div><\/header>\n\n\n\n<p>Als spezialisiertes IT-Systemhaus unterst\u00fctzen wir Ihr Unternehmen mit passgenauen IT-L\u00f6sungen, die Sicherheit, Compliance und Effizienz vereinen. <em><\/em><\/p>\n\n\n\n<p>Mit unserer umfassenden Expertise in <strong>IT-Consulting, IT-Infrastruktur und IT-Services<\/strong> entwickeln wir individuelle Strategien, die exakt auf Ihre Anforderungen abgestimmt sind.<\/p>\n\n\n\n<p>Dabei setzen wir h\u00f6chste Standards im Datenschutz gem\u00e4\u00df <strong>DSGVO<\/strong> und sorgen daf\u00fcr, dass Ihre IT-Umgebung jederzeit zuverl\u00e4ssig, leistungsf\u00e4hig und gesetzeskonform bleibt.<\/p>\n\n\n\n<p><strong>Verlassen Sie sich auf unsere Erfahrung und unser engagiertes Team, um Ihr Unternehmen bereits heute optimal aufzustellen und erfolgreich in die digitale Zukunft zu begleiten.<\/strong><\/p>\n\n\n\n<div id=\"wp-block-themeisle-blocks-advanced-columns-88357565\" class=\"wp-block-themeisle-blocks-advanced-columns alignfull has-1-columns has-desktop-equal-layout has-tablet-equal-layout has-mobile-collapsedRows-layout has-vertical-center ticss-c00aadba animated bounceIn\"><div class=\"wp-block-themeisle-blocks-advanced-columns-overlay\"><\/div><div class=\"innerblocks-wrap\">\n<div id=\"wp-block-themeisle-blocks-advanced-column-ccb43057\" class=\"wp-block-themeisle-blocks-advanced-column\">\n<p id=\"wp-block-themeisle-blocks-advanced-heading-fa0dd853\" class=\"wp-block-themeisle-blocks-advanced-heading wp-block-themeisle-blocks-advanced-heading-fa0dd853\"><em>\u201eIn einer digitalen Welt, in der sensible Daten zum wertvollsten Gut eines Unternehmens geh\u00f6ren, ist Sicherheit kein Kompromiss \u2013 sie ist eine Notwendigkeit.\u201c<\/em><\/p>\n\n\n\n<p id=\"wp-block-themeisle-blocks-advanced-heading-37339a78\" class=\"wp-block-themeisle-blocks-advanced-heading wp-block-themeisle-blocks-advanced-heading-37339a78\"><strong>Alexander S\u00e4nger, Gesch\u00e4ftsf\u00fchrer<\/strong><\/p>\n<\/div>\n<\/div><\/div>\n\n\n\n<div style=\"height:40px\" aria-hidden=\"true\" class=\"wp-block-spacer\"><\/div>\n\n\n\n<div class=\"wp-block-columns is-layout-flex wp-container-core-columns-is-layout-28f84493 wp-block-columns-is-layout-flex\">\n<div class=\"wp-block-column is-layout-flow wp-block-column-is-layout-flow\">\n<div class=\"wp-block-columns is-layout-flex wp-container-core-columns-is-layout-28f84493 wp-block-columns-is-layout-flex\">\n<div class=\"wp-block-column is-layout-flow wp-block-column-is-layout-flow\">\n<figure class=\"wp-block-image size-full is-style-rounded\"><img loading=\"lazy\" decoding=\"async\" width=\"800\" height=\"800\" src=\"http:\/\/scon.cloud\/wp-content\/uploads\/2025\/01\/it-dsgvo-beratung.jpg\" alt=\"Datenschutz\" class=\"wp-image-320\" srcset=\"https:\/\/scon.cloud\/wp-content\/uploads\/2025\/01\/it-dsgvo-beratung.jpg 800w, https:\/\/scon.cloud\/wp-content\/uploads\/2025\/01\/it-dsgvo-beratung-300x300.jpg 300w, https:\/\/scon.cloud\/wp-content\/uploads\/2025\/01\/it-dsgvo-beratung-150x150.jpg 150w, https:\/\/scon.cloud\/wp-content\/uploads\/2025\/01\/it-dsgvo-beratung-768x768.jpg 768w\" sizes=\"auto, (max-width: 800px) 100vw, 800px\" \/><\/figure>\n\n\n\n<p class=\"has-text-align-center ticss-48501d96\">Datenschutz<\/p>\n<\/div>\n\n\n\n<div class=\"wp-block-column is-layout-flow wp-block-column-is-layout-flow\">\n<figure class=\"wp-block-image size-full is-style-rounded\"><img loading=\"lazy\" decoding=\"async\" width=\"800\" height=\"800\" src=\"http:\/\/scon.cloud\/wp-content\/uploads\/2025\/01\/it-services.jpg\" alt=\"\" class=\"wp-image-322\" srcset=\"https:\/\/scon.cloud\/wp-content\/uploads\/2025\/01\/it-services.jpg 800w, https:\/\/scon.cloud\/wp-content\/uploads\/2025\/01\/it-services-300x300.jpg 300w, https:\/\/scon.cloud\/wp-content\/uploads\/2025\/01\/it-services-150x150.jpg 150w, https:\/\/scon.cloud\/wp-content\/uploads\/2025\/01\/it-services-768x768.jpg 768w\" sizes=\"auto, (max-width: 800px) 100vw, 800px\" \/><\/figure>\n\n\n\n<p class=\"has-text-align-center ticss-48501d96\">Informations\u00adsicherheit<\/p>\n<\/div>\n\n\n\n<div class=\"wp-block-column is-layout-flow wp-block-column-is-layout-flow\">\n<figure class=\"wp-block-image size-full is-style-rounded\"><img loading=\"lazy\" decoding=\"async\" width=\"800\" height=\"800\" src=\"http:\/\/scon.cloud\/wp-content\/uploads\/2025\/01\/it-consulting.jpg\" alt=\"\" class=\"wp-image-319\" srcset=\"https:\/\/scon.cloud\/wp-content\/uploads\/2025\/01\/it-consulting.jpg 800w, https:\/\/scon.cloud\/wp-content\/uploads\/2025\/01\/it-consulting-300x300.jpg 300w, https:\/\/scon.cloud\/wp-content\/uploads\/2025\/01\/it-consulting-150x150.jpg 150w, https:\/\/scon.cloud\/wp-content\/uploads\/2025\/01\/it-consulting-768x768.jpg 768w\" sizes=\"auto, (max-width: 800px) 100vw, 800px\" \/><\/figure>\n\n\n\n<p class=\"has-text-align-center ticss-48501d96\">IT-Consulting<\/p>\n<\/div>\n\n\n\n<div class=\"wp-block-column is-layout-flow wp-block-column-is-layout-flow\">\n<figure class=\"wp-block-image size-full is-style-rounded\"><img loading=\"lazy\" decoding=\"async\" width=\"800\" height=\"800\" src=\"http:\/\/scon.cloud\/wp-content\/uploads\/2025\/01\/it-infrastruktur.jpg\" alt=\"\" class=\"wp-image-321\" srcset=\"https:\/\/scon.cloud\/wp-content\/uploads\/2025\/01\/it-infrastruktur.jpg 800w, https:\/\/scon.cloud\/wp-content\/uploads\/2025\/01\/it-infrastruktur-300x300.jpg 300w, https:\/\/scon.cloud\/wp-content\/uploads\/2025\/01\/it-infrastruktur-150x150.jpg 150w, https:\/\/scon.cloud\/wp-content\/uploads\/2025\/01\/it-infrastruktur-768x768.jpg 768w\" sizes=\"auto, (max-width: 800px) 100vw, 800px\" \/><\/figure>\n\n\n\n<p class=\"has-text-align-center ticss-48501d96\">IT-Infrastruktur<\/p>\n<\/div>\n<\/div>\n<\/div>\n<\/div>\n\n\n\n<p><\/p>\n","protected":false},"excerpt":{"rendered":"<p>Als spezialisiertes IT-Systemhaus unterst\u00fctzen wir Ihr Unternehmen mit passgenauen IT-L\u00f6sungen, die Sicherheit, Compliance und Effizienz vereinen. Mit unserer umfassenden Expertise in IT-Consulting, IT-Infrastruktur und IT-Services entwickeln wir individuelle Strategien, die exakt auf Ihre Anforderungen abgestimmt sind. Dabei setzen wir h\u00f6chste Standards im Datenschutz gem\u00e4\u00df DSGVO und sorgen daf\u00fcr, dass Ihre [&hellip;]<\/p>\n","protected":false},"author":1,"featured_media":0,"parent":0,"menu_order":0,"comment_status":"closed","ping_status":"closed","template":"","meta":{"inline_featured_image":false,"_themeisle_gutenberg_block_has_review":false,"footnotes":""},"class_list":["post-288","page","type-page","status-publish","hentry"],"_links":{"self":[{"href":"https:\/\/scon.cloud\/index.php?rest_route=\/wp\/v2\/pages\/288","targetHints":{"allow":["GET"]}}],"collection":[{"href":"https:\/\/scon.cloud\/index.php?rest_route=\/wp\/v2\/pages"}],"about":[{"href":"https:\/\/scon.cloud\/index.php?rest_route=\/wp\/v2\/types\/page"}],"author":[{"embeddable":true,"href":"https:\/\/scon.cloud\/index.php?rest_route=\/wp\/v2\/users\/1"}],"replies":[{"embeddable":true,"href":"https:\/\/scon.cloud\/index.php?rest_route=%2Fwp%2Fv2%2Fcomments&post=288"}],"version-history":[{"count":30,"href":"https:\/\/scon.cloud\/index.php?rest_route=\/wp\/v2\/pages\/288\/revisions"}],"predecessor-version":[{"id":785,"href":"https:\/\/scon.cloud\/index.php?rest_route=\/wp\/v2\/pages\/288\/revisions\/785"}],"wp:attachment":[{"href":"https:\/\/scon.cloud\/index.php?rest_route=%2Fwp%2Fv2%2Fmedia&parent=288"}],"curies":[{"name":"wp","href":"https:\/\/api.w.org\/{rel}","templated":true}]}}