{"id":175,"date":"2025-01-14T13:47:45","date_gmt":"2025-01-14T12:47:45","guid":{"rendered":"http:\/\/scon.cloud\/?page_id=175"},"modified":"2025-01-24T14:57:07","modified_gmt":"2025-01-24T13:57:07","slug":"impressum","status":"publish","type":"page","link":"https:\/\/scon.cloud\/?page_id=175","title":{"rendered":"Impressum"},"content":{"rendered":"\n<p><strong>Inhalt und Angebot, redaktionelle Beitr\u00e4ge sowie technische Konzeption, Kreation, Realisation und Site-Promotion:<\/strong><br>S\u00e4nger Consulting GmbH &amp; Co. KG<br>Netz- und Softwarel\u00f6sungen<br>Riedweg 6<br>D-89081 Ulm<br>Telefon: +49 (0)731 935 977 \u2013 0<br>Telefax: +49 (0)731 935 977 \u2013 99<\/p>\n\n\n\n<p><strong>Handelsregister:<\/strong><br>Amtsgericht Ulm, HRA 3155<\/p>\n\n\n\n<p><strong>Steuernummer:<\/strong><br>USt-IdNr.: DE226363339<\/p>\n\n\n\n<p><strong>Pers\u00f6nlich haftende Gesellschafterin:<\/strong><br>S\u00e4nger Consulting Verwaltung GmbH<br>Handelsregister: Amtsgericht Ulm, HRB 4675<\/p>\n\n\n\n<p><strong>Gesch\u00e4ftsf\u00fchrer:<\/strong><br>J\u00fcrgen Pfalz<br>Alexander S\u00e4nger<br>Andreas Soukup<\/p>\n\n\n\n<p><strong>Allgemeine Anfragen:<\/strong><br><a href=\"mailto:info@scon.net\">info@scon.net<\/a><\/p>\n\n\n\n<p><strong>Ort der Ver\u00f6ffentlichung:<br><\/strong>Riedweg 6<br>D-89081 Ulm<\/p>\n\n\n\n<p><strong>Haftung f\u00fcr Links:<\/strong><br>Durch Urteil vom 12.05.1998 \u201eHaftung f\u00fcr Links\u201c (312 O 85\/98) hat das LGR Hamburg eindeutig entschieden, dass man durch die Anbringung eines Links, die Inhalte der gelinkten Seite ggf. mit zu verantworten hat, also haftbar gemacht werden kann. Jenes kann nur dadurch verhindert werden, indem man sich ausdr\u00fccklich von diesen Inhalten distanziert.<\/p>\n\n\n\n<p>S\u00e4nger Consulting distanziert sich hiermit ausdr\u00fccklich von allen Inhalten s\u00e4mtlicher gelinkter Verweisziele, inkl. deren Unterseiten. S\u00e4nger Consulting verweist darauf, weder Einfluss auf Gestaltung und Inhalte der gelinkten Seiten zu haben noch sich jene Inhalte zu eigen machen.<\/p>\n\n\n\n<p>Im Falle von <strong>Namensrecht\/ Domainstreitigkeiten<\/strong> bitten wir Sie, zur Vermeidung unn\u00f6tiger Rechtsstreite und Kosten, uns bereits im Vorfeld zu kontaktieren. Die Kostennote einer anwaltlichen Abmahnung ohne vorhergehende Kontaktaufnahme wird im Sinne der Schadensminderungspflicht als unbegr\u00fcndet zur\u00fcckgewiesen. Unberechtigte Abmahnungen und \/ oder Unterlassungserkl\u00e4rungen werden direkt mit einer negativen Feststellungsklage beantwortet.<\/p>\n","protected":false},"excerpt":{"rendered":"<p>Inhalt und Angebot, redaktionelle Beitr\u00e4ge sowie technische Konzeption, Kreation, Realisation und Site-Promotion:S\u00e4nger Consulting GmbH &amp; Co. KGNetz- und Softwarel\u00f6sungenRiedweg 6D-89081 UlmTelefon: +49 (0)731 935 977 \u2013 0Telefax: +49 (0)731 935 977 \u2013 99 Handelsregister:Amtsgericht Ulm, HRA 3155 Steuernummer:USt-IdNr.: DE226363339 Pers\u00f6nlich haftende Gesellschafterin:S\u00e4nger Consulting Verwaltung GmbHHandelsregister: Amtsgericht Ulm, HRB 4675 Gesch\u00e4ftsf\u00fchrer:J\u00fcrgen [&hellip;]<\/p>\n","protected":false},"author":1,"featured_media":0,"parent":0,"menu_order":0,"comment_status":"closed","ping_status":"closed","template":"","meta":{"inline_featured_image":false,"_themeisle_gutenberg_block_has_review":false,"footnotes":""},"class_list":["post-175","page","type-page","status-publish","hentry"],"_links":{"self":[{"href":"https:\/\/scon.cloud\/index.php?rest_route=\/wp\/v2\/pages\/175","targetHints":{"allow":["GET"]}}],"collection":[{"href":"https:\/\/scon.cloud\/index.php?rest_route=\/wp\/v2\/pages"}],"about":[{"href":"https:\/\/scon.cloud\/index.php?rest_route=\/wp\/v2\/types\/page"}],"author":[{"embeddable":true,"href":"https:\/\/scon.cloud\/index.php?rest_route=\/wp\/v2\/users\/1"}],"replies":[{"embeddable":true,"href":"https:\/\/scon.cloud\/index.php?rest_route=%2Fwp%2Fv2%2Fcomments&post=175"}],"version-history":[{"count":2,"href":"https:\/\/scon.cloud\/index.php?rest_route=\/wp\/v2\/pages\/175\/revisions"}],"predecessor-version":[{"id":313,"href":"https:\/\/scon.cloud\/index.php?rest_route=\/wp\/v2\/pages\/175\/revisions\/313"}],"wp:attachment":[{"href":"https:\/\/scon.cloud\/index.php?rest_route=%2Fwp%2Fv2%2Fmedia&parent=175"}],"curies":[{"name":"wp","href":"https:\/\/api.w.org\/{rel}","templated":true}]}}