{"id":163,"date":"2025-01-14T13:44:31","date_gmt":"2025-01-14T12:44:31","guid":{"rendered":"http:\/\/scon.cloud\/?page_id=163"},"modified":"2025-03-18T13:16:32","modified_gmt":"2025-03-18T12:16:32","slug":"ueber-uns","status":"publish","type":"page","link":"https:\/\/scon.cloud\/?page_id=163","title":{"rendered":"\u00dcber uns"},"content":{"rendered":"\n<header class=\"wp-block-group alignfull\"><div class=\"wp-block-group__inner-container is-layout-constrained wp-block-group-is-layout-constrained\">\n<div id=\"wp-block-themeisle-blocks-advanced-columns-9f8848a6\" class=\"wp-block-themeisle-blocks-advanced-columns alignfull has-1-columns has-desktop-equal-layout has-tablet-collapsedRows-layout has-mobile-collapsedRows-layout has-reverse-columns-tablet has-reverse-columns-mobile has-vertical-center ticss-0f635aec\"><div class=\"wp-block-themeisle-blocks-advanced-columns-overlay\"><\/div><div class=\"innerblocks-wrap\">\n<div id=\"wp-block-themeisle-blocks-advanced-column-cedf80ca\" class=\"wp-block-themeisle-blocks-advanced-column\">\n<h1 id=\"wp-block-themeisle-blocks-advanced-heading-ddc7a054\" class=\"wp-block-themeisle-blocks-advanced-heading wp-block-themeisle-blocks-advanced-heading-ddc7a054\"><strong>S\u00e4nger Consulting<\/strong><\/h1>\n\n\n\n<p class=\"has-white-color has-text-color has-link-color wp-elements-c4d68e8855e071ca6a28cbf9bc4e37c3\"><strong>Ihr IT-Partner f\u00fcr zukunftsorientierte Digitalisierung<\/strong><\/p>\n<\/div>\n<\/div><\/div>\n<\/div><\/header>\n\n\n\n<p>Willkommen bei S\u00e4nger Consulting, Ihrem Spezialisten f\u00fcr Netzwerke, Datenschutz und IT-Sicherheit, projektbezogene Hardware- sowie Individual-Softwarel\u00f6sungen.<\/p>\n\n\n\n<p>Seit 1998 unterst\u00fctzen wir Unternehmen aller Branchen mit individuellen IT-Konzepten \u2013 effizient, sicher und zukunftsorientiert.<\/p>\n\n\n\n<p><strong>Unsere Philosophie: Together for Tomorrow<\/strong><\/p>\n\n\n\n<p>Unter dem Leitmotiv <em>Together for Tomorrow<\/em> stehen wir f\u00fcr Transparenz, Flexibilit\u00e4t und Kundenn\u00e4he. Unser Ziel ist es, zukunftssichere, effiziente und nachhaltige IT-L\u00f6sungen zu entwickeln und die digitale Transformation aktiv mitzugestalten.<\/p>\n\n\n\n<p>Unser vernetztes Denken und Arbeiten f\u00fchrt zu durchdachten, branchenspezifischen IT-Strategien. In einer digitalisierten Welt ist es f\u00fcr Unternehmen, Institutionen und Beh\u00f6rden essenziell, IT- und Kommunikationsstrukturen kontinuierlich anzupassen \u2013 f\u00fcr nachhaltigen Erfolg.<\/p>\n\n\n\n<p>Neben der Umsetzung von IT-Projekten legen wir Wert auf Schulung und Beratung. Wir m\u00f6chten nicht nur digitale L\u00f6sungen bieten, sondern unsere Kunden bef\u00e4higen, ihre IT eigenst\u00e4ndig zu betreiben.<\/p>\n\n\n\n<p><strong>Unabh\u00e4ngigkeit &amp; Expertise<\/strong><\/p>\n\n\n\n<p>Als eigenfinanziertes Unternehmen sind wir herstellerneutral und setzen auf nachhaltige, ma\u00dfgeschneiderte L\u00f6sungen. Unser Fokus liegt auf Entwicklung, Beratung und Implementierung.<\/p>\n\n\n\n<p>Hardware und Software empfehlen und beschaffen wir projektbezogen, immer mit Blick auf Qualit\u00e4t und neueste Technologien. Dank unserer langj\u00e4hrigen Beziehungen zu Herstellern k\u00f6nnen wir dabei auf bew\u00e4hrte Partnerschaften zur\u00fcckgreifen und so die bestm\u00f6glichen L\u00f6sungen anbieten.<br><br><\/p>\n\n\n\n<p><strong>Unser Ansatz<\/strong><\/p>\n\n\n\n<p>Wir analysieren Informationsfl\u00fcsse und Marktsituationen, um Prozesse optimal zu gestalten. Unser Ziel: langfristige Partnerschaften und IT-Strategien, die \u00fcber Einzelprojekte hinausgehen. Dabei setzen wir auf:<\/p>\n\n\n\n<ul class=\"wp-block-list\">\n<li><strong>H\u00f6chste Qualit\u00e4t<\/strong><\/li>\n\n\n\n<li><strong>Individuelle L\u00f6sungen<\/strong><\/li>\n\n\n\n<li><strong>Vertrauensvolle Zusammenarbeit<\/strong><\/li>\n\n\n\n<li><strong>Einsatz modernster Technologien<\/strong><\/li>\n<\/ul>\n\n\n\n<p><\/p>\n","protected":false},"excerpt":{"rendered":"<p>Willkommen bei S\u00e4nger Consulting, Ihrem Spezialisten f\u00fcr Netzwerke, Datenschutz und IT-Sicherheit, projektbezogene Hardware- sowie Individual-Softwarel\u00f6sungen. Seit 1998 unterst\u00fctzen wir Unternehmen aller Branchen mit individuellen IT-Konzepten \u2013 effizient, sicher und zukunftsorientiert. Unsere Philosophie: Together for Tomorrow Unter dem Leitmotiv Together for Tomorrow stehen wir f\u00fcr Transparenz, Flexibilit\u00e4t und Kundenn\u00e4he. Unser Ziel [&hellip;]<\/p>\n","protected":false},"author":1,"featured_media":0,"parent":0,"menu_order":0,"comment_status":"closed","ping_status":"closed","template":"","meta":{"inline_featured_image":false,"_themeisle_gutenberg_block_has_review":false,"footnotes":""},"class_list":["post-163","page","type-page","status-publish","hentry"],"_links":{"self":[{"href":"https:\/\/scon.cloud\/index.php?rest_route=\/wp\/v2\/pages\/163","targetHints":{"allow":["GET"]}}],"collection":[{"href":"https:\/\/scon.cloud\/index.php?rest_route=\/wp\/v2\/pages"}],"about":[{"href":"https:\/\/scon.cloud\/index.php?rest_route=\/wp\/v2\/types\/page"}],"author":[{"embeddable":true,"href":"https:\/\/scon.cloud\/index.php?rest_route=\/wp\/v2\/users\/1"}],"replies":[{"embeddable":true,"href":"https:\/\/scon.cloud\/index.php?rest_route=%2Fwp%2Fv2%2Fcomments&post=163"}],"version-history":[{"count":6,"href":"https:\/\/scon.cloud\/index.php?rest_route=\/wp\/v2\/pages\/163\/revisions"}],"predecessor-version":[{"id":865,"href":"https:\/\/scon.cloud\/index.php?rest_route=\/wp\/v2\/pages\/163\/revisions\/865"}],"wp:attachment":[{"href":"https:\/\/scon.cloud\/index.php?rest_route=%2Fwp%2Fv2%2Fmedia&parent=163"}],"curies":[{"name":"wp","href":"https:\/\/api.w.org\/{rel}","templated":true}]}}